{"id":16,"date":"2022-08-14T23:54:45","date_gmt":"2022-08-14T23:54:45","guid":{"rendered":"https:\/\/hannah-bleckenwegner.at\/?page_id=16"},"modified":"2025-06-11T15:06:52","modified_gmt":"2025-06-11T15:06:52","slug":"home","status":"publish","type":"page","link":"https:\/\/hannah-bleckenwegner.at\/en\/","title":{"rendered":"Home"},"content":{"rendered":"<div data-elementor-type=\"wp-page\" data-elementor-id=\"16\" class=\"elementor elementor-16\" data-elementor-settings=\"{&quot;ha_cmc_init_switcher&quot;:&quot;no&quot;}\">\n\t\t\t\t\t\t<section class=\"elementor-section elementor-top-section elementor-element elementor-element-d094859 elementor-section-boxed elementor-section-height-default elementor-section-height-default\" data-id=\"d094859\" data-element_type=\"section\" data-e-type=\"section\" data-settings=\"{&quot;background_background&quot;:&quot;classic&quot;,&quot;_ha_eqh_enable&quot;:false}\">\n\t\t\t\t\t\t<div class=\"elementor-container elementor-column-gap-default\">\n\t\t\t\t\t<div class=\"elementor-column elementor-col-50 elementor-top-column elementor-element elementor-element-b240f6a\" data-id=\"b240f6a\" data-element_type=\"column\" data-e-type=\"column\">\n\t\t\t<div class=\"elementor-widget-wrap elementor-element-populated\">\n\t\t\t\t\t\t<div class=\"elementor-element elementor-element-639aa31 e-transform elementor-widget elementor-widget-image\" data-id=\"639aa31\" data-element_type=\"widget\" data-e-type=\"widget\" data-settings=\"{&quot;_transform_flipX_effect&quot;:&quot;transform&quot;}\" data-widget_type=\"image.default\">\n\t\t\t\t<div class=\"elementor-widget-container\">\n\t\t\t\t\t\t\t\t\t\t\t\t\t\t\t<img fetchpriority=\"high\" decoding=\"async\" width=\"3024\" height=\"4032\" src=\"https:\/\/hannah-bleckenwegner.at\/wp-content\/uploads\/2024\/09\/IMG_0593-e1732969548120.png\" class=\"attachment-full size-full wp-image-2694\" alt=\"\" srcset=\"https:\/\/hannah-bleckenwegner.at\/wp-content\/uploads\/2024\/09\/IMG_0593-e1732969548120.png 3024w, https:\/\/hannah-bleckenwegner.at\/wp-content\/uploads\/2024\/09\/IMG_0593-e1732969548120-225x300.png 225w, https:\/\/hannah-bleckenwegner.at\/wp-content\/uploads\/2024\/09\/IMG_0593-e1732969548120-768x1024.png 768w, https:\/\/hannah-bleckenwegner.at\/wp-content\/uploads\/2024\/09\/IMG_0593-e1732969548120-1152x1536.png 1152w, https:\/\/hannah-bleckenwegner.at\/wp-content\/uploads\/2024\/09\/IMG_0593-e1732969548120-1536x2048.png 1536w, https:\/\/hannah-bleckenwegner.at\/wp-content\/uploads\/2024\/09\/IMG_0593-e1732969548120-9x12.png 9w\" sizes=\"(max-width: 3024px) 100vw, 3024px\" \/>\t\t\t\t\t\t\t\t\t\t\t\t\t\t\t<\/div>\n\t\t\t\t<\/div>\n\t\t\t\t\t<\/div>\n\t\t<\/div>\n\t\t\t\t<div class=\"elementor-column elementor-col-50 elementor-top-column elementor-element elementor-element-14aaba2\" data-id=\"14aaba2\" data-element_type=\"column\" data-e-type=\"column\" data-settings=\"{&quot;background_background&quot;:&quot;classic&quot;}\">\n\t\t\t<div class=\"elementor-widget-wrap elementor-element-populated\">\n\t\t\t\t\t<div class=\"elementor-background-overlay\"><\/div>\n\t\t\t\t\t\t<div class=\"elementor-element elementor-element-ee86808 elementor-widget elementor-widget-heading\" data-id=\"ee86808\" data-element_type=\"widget\" data-e-type=\"widget\" data-widget_type=\"heading.default\">\n\t\t\t\t<div class=\"elementor-widget-container\">\n\t\t\t\t\t<h3 class=\"elementor-heading-title elementor-size-default\">Welcome!<\/h3>\t\t\t\t<\/div>\n\t\t\t\t<\/div>\n\t\t<a class=\"eael-wrapper-link-0986f6b --eael-wrapper-link-tag\" href=\"https:\/\/hannah-bleckenwegner.at\/en\/leistungen\/\"><\/a>\t\t<div data-eael-wrapper-link=\"eael-wrapper-link-0986f6b\" class=\"elementor-element elementor-element-0986f6b elementor-widget__width-auto elementor-widget-tablet__width-initial elementor-widget elementor-widget-heading\" data-id=\"0986f6b\" data-element_type=\"widget\" data-e-type=\"widget\" data-widget_type=\"heading.default\">\n\t\t\t\t<div class=\"elementor-widget-container\">\n\t\t\t\t\t<h1 class=\"elementor-heading-title elementor-size-default\">Psychotherapy for adolescents, adults and couples just a few minutes' walk from the main railway station in 1100 Vienna<\/h1>\t\t\t\t<\/div>\n\t\t\t\t<\/div>\n\t\t\t\t\t<\/div>\n\t\t<\/div>\n\t\t\t\t\t<\/div>\n\t\t<\/section>\n\t\t\t\t<section class=\"elementor-section elementor-top-section elementor-element elementor-element-8474f1b elementor-section-boxed elementor-section-height-default elementor-section-height-default\" data-id=\"8474f1b\" data-element_type=\"section\" data-e-type=\"section\" data-settings=\"{&quot;background_background&quot;:&quot;classic&quot;,&quot;_ha_eqh_enable&quot;:false}\">\n\t\t\t\t\t\t<div class=\"elementor-container elementor-column-gap-default\">\n\t\t\t\t\t<div class=\"elementor-column elementor-col-100 elementor-top-column elementor-element elementor-element-112c367\" data-id=\"112c367\" data-element_type=\"column\" data-e-type=\"column\">\n\t\t\t<div class=\"elementor-widget-wrap elementor-element-populated\">\n\t\t\t\t\t\t<div class=\"elementor-element elementor-element-44e1215 ha-has-bg-overlay elementor-widget elementor-widget-spacer\" data-id=\"44e1215\" data-element_type=\"widget\" data-e-type=\"widget\" data-widget_type=\"spacer.default\">\n\t\t\t\t<div class=\"elementor-widget-container\">\n\t\t\t\t\t\t\t<div class=\"elementor-spacer\">\n\t\t\t<div class=\"elementor-spacer-inner\"><\/div>\n\t\t<\/div>\n\t\t\t\t\t\t<\/div>\n\t\t\t\t<\/div>\n\t\t\t\t\t<\/div>\n\t\t<\/div>\n\t\t\t\t\t<\/div>\n\t\t<\/section>\n\t\t\t\t<section class=\"elementor-section elementor-top-section elementor-element elementor-element-6c4dada elementor-section-boxed elementor-section-height-default elementor-section-height-default\" data-id=\"6c4dada\" data-element_type=\"section\" data-e-type=\"section\" data-settings=\"{&quot;background_background&quot;:&quot;classic&quot;,&quot;_ha_eqh_enable&quot;:false}\">\n\t\t\t\t\t\t<div class=\"elementor-container elementor-column-gap-default\">\n\t\t\t\t\t<div class=\"elementor-column elementor-col-100 elementor-top-column elementor-element elementor-element-abe9b16\" data-id=\"abe9b16\" data-element_type=\"column\" data-e-type=\"column\">\n\t\t\t<div class=\"elementor-widget-wrap elementor-element-populated\">\n\t\t\t\t\t\t<div class=\"elementor-element elementor-element-2f9e84b ha-has-bg-overlay elementor-widget elementor-widget-text-editor\" data-id=\"2f9e84b\" data-element_type=\"widget\" data-e-type=\"widget\" data-widget_type=\"text-editor.default\">\n\t\t\t\t<div class=\"elementor-widget-container\">\n\t\t\t\t\t\t\t\t\t<p>Psychotherapy is a scientifically based treatment method. In my practice near the main railway station in 1100 Vienna, I offer you support for crises, psychological distress and problems in interpersonal relationships.<\/p><p>In individual psychological psychotherapy, I create a safe environment for you in a supportive therapeutic relationship in order to approach difficult issues and relationship patterns together and create new possibilities for experience.<\/p><p><a href=\"https:\/\/hannah-bleckenwegner.at\/en\/individualpsychologie\/\"><span style=\"text-decoration: underline;\">More about psychotherapy and individual psychology...<\/span><\/a><\/p>\t\t\t\t\t\t\t\t<\/div>\n\t\t\t\t<\/div>\n\t\t\t\t\t<\/div>\n\t\t<\/div>\n\t\t\t\t\t<\/div>\n\t\t<\/section>\n\t\t\t\t<section class=\"elementor-section elementor-top-section elementor-element elementor-element-5f250f8 elementor-section-boxed elementor-section-height-default elementor-section-height-default\" data-id=\"5f250f8\" data-element_type=\"section\" data-e-type=\"section\" data-settings=\"{&quot;background_background&quot;:&quot;classic&quot;,&quot;_ha_eqh_enable&quot;:false}\">\n\t\t\t\t\t\t<div class=\"elementor-container elementor-column-gap-default\">\n\t\t\t\t\t<div class=\"elementor-column elementor-col-100 elementor-top-column elementor-element elementor-element-53478e7\" data-id=\"53478e7\" data-element_type=\"column\" data-e-type=\"column\">\n\t\t\t<div class=\"elementor-widget-wrap elementor-element-populated\">\n\t\t\t\t\t\t<div class=\"elementor-element elementor-element-ee2483f ha-has-bg-overlay elementor-widget elementor-widget-spacer\" data-id=\"ee2483f\" data-element_type=\"widget\" data-e-type=\"widget\" data-widget_type=\"spacer.default\">\n\t\t\t\t<div class=\"elementor-widget-container\">\n\t\t\t\t\t\t\t<div class=\"elementor-spacer\">\n\t\t\t<div class=\"elementor-spacer-inner\"><\/div>\n\t\t<\/div>\n\t\t\t\t\t\t<\/div>\n\t\t\t\t<\/div>\n\t\t\t\t\t<\/div>\n\t\t<\/div>\n\t\t\t\t\t<\/div>\n\t\t<\/section>\n\t\t\t\t<section class=\"elementor-section elementor-top-section elementor-element elementor-element-a6dbcc4 elementor-section-content-middle elementor-section-boxed elementor-section-height-default elementor-section-height-default\" data-id=\"a6dbcc4\" data-element_type=\"section\" data-e-type=\"section\" data-settings=\"{&quot;background_background&quot;:&quot;classic&quot;,&quot;_ha_eqh_enable&quot;:false}\">\n\t\t\t\t\t\t\t<div class=\"elementor-background-overlay\"><\/div>\n\t\t\t\t\t\t\t<div class=\"elementor-container elementor-column-gap-default\">\n\t\t\t\t\t<div class=\"elementor-column elementor-col-100 elementor-top-column elementor-element elementor-element-bd95977\" data-id=\"bd95977\" data-element_type=\"column\" data-e-type=\"column\">\n\t\t\t<div class=\"elementor-widget-wrap elementor-element-populated\">\n\t\t\t\t\t\t<div class=\"elementor-element elementor-element-aed0a74 elementor-widget elementor-widget-text-editor\" data-id=\"aed0a74\" data-element_type=\"widget\" data-e-type=\"widget\" data-widget_type=\"text-editor.default\">\n\t\t\t\t<div class=\"elementor-widget-container\">\n\t\t\t\t\t\t\t\t\t<p>\"Also in your vicinity<\/p><p>quiet places of well-being await<\/p><p>you, where thinking becomes<\/p><p>easier, clearer, milder.\"<\/p><p><span style=\"font-size: 15px;\"><em>Markus P. Baumeler<\/em><\/span><\/p>\t\t\t\t\t\t\t\t<\/div>\n\t\t\t\t<\/div>\n\t\t\t\t\t<\/div>\n\t\t<\/div>\n\t\t\t\t\t<\/div>\n\t\t<\/section>\n\t\t\t\t<\/div>","protected":false},"excerpt":{"rendered":"<p>Herzlich Willkommen! Psychotherapie f\u00fcr Jugendliche, Erwachsene und Paare wenige Gehminuten vom Hauptbahnhof in 1100 Wien Psychotherapie ist ein wissenschaftlich fundiertes Behandlungsverfahren. In meiner Praxis beim Hauptbahnhof in 1100 Wien biete ich Ihnen Unterst\u00fctzung bei Krisen, psychischen Belastungen, Stress und Problemen in zwischenmenschlichen Beziehungen. In der individualpsychologischen Psychotherapie schaffe ich in einer haltenden therapeutischen Beziehung einen [&hellip;]<\/p>\n","protected":false},"author":2,"featured_media":0,"parent":0,"menu_order":1,"comment_status":"closed","ping_status":"closed","template":"","meta":{"footnotes":""},"class_list":["post-16","page","type-page","status-publish","hentry"],"yoast_head":"<!-- This site is optimized with the Yoast SEO plugin v27.4 - https:\/\/yoast.com\/product\/yoast-seo-wordpress\/ -->\n<title>Home - Psychotherapie Hauptbahnhof<\/title>\n<meta name=\"description\" content=\"Herzlich Willkommen! Psychotherapie f\u00fcr Jugendliche und Erwachsene, 3 Gehminuten vom Hauptbahnhof Wien. In der individualpsychologischen Psychotherapie schaffe ich in einer haltenden therapeutischen Beziehung einen sicheren Rahmen f\u00fcr Sie, um sich schwierigen Themen und Beziehungsmustern gemeinsam zu n\u00e4hern und neue Handlungsspielr\u00e4ume f\u00fcr sich zu erschaffen.\" \/>\n<meta name=\"robots\" content=\"index, follow, max-snippet:-1, max-image-preview:large, max-video-preview:-1\" \/>\n<link rel=\"canonical\" href=\"https:\/\/hannah-bleckenwegner.at\/en\/\" \/>\n<meta property=\"og:locale\" content=\"en_GB\" \/>\n<meta property=\"og:type\" content=\"article\" \/>\n<meta property=\"og:title\" content=\"Home - Psychotherapie Hauptbahnhof\" \/>\n<meta property=\"og:description\" content=\"Herzlich Willkommen! Psychotherapie f\u00fcr Jugendliche und Erwachsene, 3 Gehminuten vom Hauptbahnhof Wien. In der individualpsychologischen Psychotherapie schaffe ich in einer haltenden therapeutischen Beziehung einen sicheren Rahmen f\u00fcr Sie, um sich schwierigen Themen und Beziehungsmustern gemeinsam zu n\u00e4hern und neue Handlungsspielr\u00e4ume f\u00fcr sich zu erschaffen.\" \/>\n<meta property=\"og:url\" content=\"https:\/\/hannah-bleckenwegner.at\/en\/\" \/>\n<meta property=\"og:site_name\" content=\"Psychotherapie Hauptbahnhof\" \/>\n<meta property=\"article:modified_time\" content=\"2025-06-11T15:06:52+00:00\" \/>\n<meta property=\"og:image\" content=\"https:\/\/hannah-bleckenwegner.at\/wp-content\/uploads\/2024\/09\/IMG_0593-e1732969548120-768x1024.png\" \/>\n\t<meta property=\"og:image:width\" content=\"768\" \/>\n\t<meta property=\"og:image:height\" content=\"1024\" \/>\n\t<meta property=\"og:image:type\" content=\"image\/png\" \/>\n<meta name=\"twitter:card\" content=\"summary_large_image\" \/>\n<meta name=\"twitter:label1\" content=\"Estimated reading time\" \/>\n\t<meta name=\"twitter:data1\" content=\"1 minute\" \/>\n<script type=\"application\/ld+json\" class=\"yoast-schema-graph\">{\"@context\":\"https:\\\/\\\/schema.org\",\"@graph\":[{\"@type\":\"WebPage\",\"@id\":\"https:\\\/\\\/hannah-bleckenwegner.at\\\/\",\"url\":\"https:\\\/\\\/hannah-bleckenwegner.at\\\/\",\"name\":\"Home - Psychotherapie Hauptbahnhof\",\"isPartOf\":{\"@id\":\"https:\\\/\\\/hannah-bleckenwegner.at\\\/#website\"},\"primaryImageOfPage\":{\"@id\":\"https:\\\/\\\/hannah-bleckenwegner.at\\\/#primaryimage\"},\"image\":{\"@id\":\"https:\\\/\\\/hannah-bleckenwegner.at\\\/#primaryimage\"},\"thumbnailUrl\":\"https:\\\/\\\/hannah-bleckenwegner.at\\\/wp-content\\\/uploads\\\/2024\\\/09\\\/IMG_0593-e1732969548120.png\",\"datePublished\":\"2022-08-14T23:54:45+00:00\",\"dateModified\":\"2025-06-11T15:06:52+00:00\",\"description\":\"Herzlich Willkommen! Psychotherapie f\u00fcr Jugendliche und Erwachsene, 3 Gehminuten vom Hauptbahnhof Wien. In der individualpsychologischen Psychotherapie schaffe ich in einer haltenden therapeutischen Beziehung einen sicheren Rahmen f\u00fcr Sie, um sich schwierigen Themen und Beziehungsmustern gemeinsam zu n\u00e4hern und neue Handlungsspielr\u00e4ume f\u00fcr sich zu erschaffen.\",\"breadcrumb\":{\"@id\":\"https:\\\/\\\/hannah-bleckenwegner.at\\\/#breadcrumb\"},\"inLanguage\":\"en-GB\",\"potentialAction\":[{\"@type\":\"ReadAction\",\"target\":[\"https:\\\/\\\/hannah-bleckenwegner.at\\\/\"]}]},{\"@type\":\"ImageObject\",\"inLanguage\":\"en-GB\",\"@id\":\"https:\\\/\\\/hannah-bleckenwegner.at\\\/#primaryimage\",\"url\":\"https:\\\/\\\/hannah-bleckenwegner.at\\\/wp-content\\\/uploads\\\/2024\\\/09\\\/IMG_0593-e1732969548120.png\",\"contentUrl\":\"https:\\\/\\\/hannah-bleckenwegner.at\\\/wp-content\\\/uploads\\\/2024\\\/09\\\/IMG_0593-e1732969548120.png\"},{\"@type\":\"BreadcrumbList\",\"@id\":\"https:\\\/\\\/hannah-bleckenwegner.at\\\/#breadcrumb\",\"itemListElement\":[{\"@type\":\"ListItem\",\"position\":1,\"name\":\"Startseite\",\"item\":\"https:\\\/\\\/hannah-bleckenwegner.at\\\/\"},{\"@type\":\"ListItem\",\"position\":2,\"name\":\"Home\"}]},{\"@type\":\"WebSite\",\"@id\":\"https:\\\/\\\/hannah-bleckenwegner.at\\\/#website\",\"url\":\"https:\\\/\\\/hannah-bleckenwegner.at\\\/\",\"name\":\"Psychotherapeutische Praxis\",\"description\":\"Psychotherapie 1100 Wien\",\"publisher\":{\"@id\":\"https:\\\/\\\/hannah-bleckenwegner.at\\\/#\\\/schema\\\/person\\\/e43be1777b099983428d433948160669\"},\"potentialAction\":[{\"@type\":\"SearchAction\",\"target\":{\"@type\":\"EntryPoint\",\"urlTemplate\":\"https:\\\/\\\/hannah-bleckenwegner.at\\\/?s={search_term_string}\"},\"query-input\":{\"@type\":\"PropertyValueSpecification\",\"valueRequired\":true,\"valueName\":\"search_term_string\"}}],\"inLanguage\":\"en-GB\"},{\"@type\":[\"Person\",\"Organization\"],\"@id\":\"https:\\\/\\\/hannah-bleckenwegner.at\\\/#\\\/schema\\\/person\\\/e43be1777b099983428d433948160669\",\"name\":\"Hannah Bleckenwegner\",\"image\":{\"@type\":\"ImageObject\",\"inLanguage\":\"en-GB\",\"@id\":\"https:\\\/\\\/hannah-bleckenwegner.at\\\/wp-content\\\/uploads\\\/2022\\\/08\\\/Logo.png\",\"url\":\"https:\\\/\\\/hannah-bleckenwegner.at\\\/wp-content\\\/uploads\\\/2022\\\/08\\\/Logo.png\",\"contentUrl\":\"https:\\\/\\\/hannah-bleckenwegner.at\\\/wp-content\\\/uploads\\\/2022\\\/08\\\/Logo.png\",\"width\":438,\"height\":436,\"caption\":\"Hannah Bleckenwegner\"},\"logo\":{\"@id\":\"https:\\\/\\\/hannah-bleckenwegner.at\\\/wp-content\\\/uploads\\\/2022\\\/08\\\/Logo.png\"},\"sameAs\":[\"http:\\\/\\\/hannah-bleckenwegner.at\"]}]}<\/script>\n<!-- \/ Yoast SEO plugin. -->","yoast_head_json":{"title":"Home - Psychotherapie Hauptbahnhof","description":"Herzlich Willkommen! Psychotherapie f\u00fcr Jugendliche und Erwachsene, 3 Gehminuten vom Hauptbahnhof Wien. In der individualpsychologischen Psychotherapie schaffe ich in einer haltenden therapeutischen Beziehung einen sicheren Rahmen f\u00fcr Sie, um sich schwierigen Themen und Beziehungsmustern gemeinsam zu n\u00e4hern und neue Handlungsspielr\u00e4ume f\u00fcr sich zu erschaffen.","robots":{"index":"index","follow":"follow","max-snippet":"max-snippet:-1","max-image-preview":"max-image-preview:large","max-video-preview":"max-video-preview:-1"},"canonical":"https:\/\/hannah-bleckenwegner.at\/en\/","og_locale":"en_GB","og_type":"article","og_title":"Home - Psychotherapie Hauptbahnhof","og_description":"Herzlich Willkommen! Psychotherapie f\u00fcr Jugendliche und Erwachsene, 3 Gehminuten vom Hauptbahnhof Wien. In der individualpsychologischen Psychotherapie schaffe ich in einer haltenden therapeutischen Beziehung einen sicheren Rahmen f\u00fcr Sie, um sich schwierigen Themen und Beziehungsmustern gemeinsam zu n\u00e4hern und neue Handlungsspielr\u00e4ume f\u00fcr sich zu erschaffen.","og_url":"https:\/\/hannah-bleckenwegner.at\/en\/","og_site_name":"Psychotherapie Hauptbahnhof","article_modified_time":"2025-06-11T15:06:52+00:00","og_image":[{"width":768,"height":1024,"url":"https:\/\/hannah-bleckenwegner.at\/wp-content\/uploads\/2024\/09\/IMG_0593-e1732969548120-768x1024.png","type":"image\/png"}],"twitter_card":"summary_large_image","twitter_misc":{"Estimated reading time":"1 minute"},"schema":{"@context":"https:\/\/schema.org","@graph":[{"@type":"WebPage","@id":"https:\/\/hannah-bleckenwegner.at\/","url":"https:\/\/hannah-bleckenwegner.at\/","name":"Home - Psychotherapie Hauptbahnhof","isPartOf":{"@id":"https:\/\/hannah-bleckenwegner.at\/#website"},"primaryImageOfPage":{"@id":"https:\/\/hannah-bleckenwegner.at\/#primaryimage"},"image":{"@id":"https:\/\/hannah-bleckenwegner.at\/#primaryimage"},"thumbnailUrl":"https:\/\/hannah-bleckenwegner.at\/wp-content\/uploads\/2024\/09\/IMG_0593-e1732969548120.png","datePublished":"2022-08-14T23:54:45+00:00","dateModified":"2025-06-11T15:06:52+00:00","description":"Herzlich Willkommen! Psychotherapie f\u00fcr Jugendliche und Erwachsene, 3 Gehminuten vom Hauptbahnhof Wien. In der individualpsychologischen Psychotherapie schaffe ich in einer haltenden therapeutischen Beziehung einen sicheren Rahmen f\u00fcr Sie, um sich schwierigen Themen und Beziehungsmustern gemeinsam zu n\u00e4hern und neue Handlungsspielr\u00e4ume f\u00fcr sich zu erschaffen.","breadcrumb":{"@id":"https:\/\/hannah-bleckenwegner.at\/#breadcrumb"},"inLanguage":"en-GB","potentialAction":[{"@type":"ReadAction","target":["https:\/\/hannah-bleckenwegner.at\/"]}]},{"@type":"ImageObject","inLanguage":"en-GB","@id":"https:\/\/hannah-bleckenwegner.at\/#primaryimage","url":"https:\/\/hannah-bleckenwegner.at\/wp-content\/uploads\/2024\/09\/IMG_0593-e1732969548120.png","contentUrl":"https:\/\/hannah-bleckenwegner.at\/wp-content\/uploads\/2024\/09\/IMG_0593-e1732969548120.png"},{"@type":"BreadcrumbList","@id":"https:\/\/hannah-bleckenwegner.at\/#breadcrumb","itemListElement":[{"@type":"ListItem","position":1,"name":"Startseite","item":"https:\/\/hannah-bleckenwegner.at\/"},{"@type":"ListItem","position":2,"name":"Home"}]},{"@type":"WebSite","@id":"https:\/\/hannah-bleckenwegner.at\/#website","url":"https:\/\/hannah-bleckenwegner.at\/","name":"Psychotherapy Practice","description":"Psychotherapie 1100 Wien","publisher":{"@id":"https:\/\/hannah-bleckenwegner.at\/#\/schema\/person\/e43be1777b099983428d433948160669"},"potentialAction":[{"@type":"SearchAction","target":{"@type":"EntryPoint","urlTemplate":"https:\/\/hannah-bleckenwegner.at\/?s={search_term_string}"},"query-input":{"@type":"PropertyValueSpecification","valueRequired":true,"valueName":"search_term_string"}}],"inLanguage":"en-GB"},{"@type":["Person","Organization"],"@id":"https:\/\/hannah-bleckenwegner.at\/#\/schema\/person\/e43be1777b099983428d433948160669","name":"Hannah Bleckenwegner","image":{"@type":"ImageObject","inLanguage":"en-GB","@id":"https:\/\/hannah-bleckenwegner.at\/wp-content\/uploads\/2022\/08\/Logo.png","url":"https:\/\/hannah-bleckenwegner.at\/wp-content\/uploads\/2022\/08\/Logo.png","contentUrl":"https:\/\/hannah-bleckenwegner.at\/wp-content\/uploads\/2022\/08\/Logo.png","width":438,"height":436,"caption":"Hannah Bleckenwegner"},"logo":{"@id":"https:\/\/hannah-bleckenwegner.at\/wp-content\/uploads\/2022\/08\/Logo.png"},"sameAs":["http:\/\/hannah-bleckenwegner.at"]}]}},"_links":{"self":[{"href":"https:\/\/hannah-bleckenwegner.at\/en\/wp-json\/wp\/v2\/pages\/16","targetHints":{"allow":["GET"]}}],"collection":[{"href":"https:\/\/hannah-bleckenwegner.at\/en\/wp-json\/wp\/v2\/pages"}],"about":[{"href":"https:\/\/hannah-bleckenwegner.at\/en\/wp-json\/wp\/v2\/types\/page"}],"author":[{"embeddable":true,"href":"https:\/\/hannah-bleckenwegner.at\/en\/wp-json\/wp\/v2\/users\/2"}],"replies":[{"embeddable":true,"href":"https:\/\/hannah-bleckenwegner.at\/en\/wp-json\/wp\/v2\/comments?post=16"}],"version-history":[{"count":365,"href":"https:\/\/hannah-bleckenwegner.at\/en\/wp-json\/wp\/v2\/pages\/16\/revisions"}],"predecessor-version":[{"id":3537,"href":"https:\/\/hannah-bleckenwegner.at\/en\/wp-json\/wp\/v2\/pages\/16\/revisions\/3537"}],"wp:attachment":[{"href":"https:\/\/hannah-bleckenwegner.at\/en\/wp-json\/wp\/v2\/media?parent=16"}],"curies":[{"name":"wp","href":"https:\/\/api.w.org\/{rel}","templated":true}]}}