{"id":19,"date":"2022-08-14T23:54:54","date_gmt":"2022-08-14T23:54:54","guid":{"rendered":"https:\/\/hannah-bleckenwegner.at\/?page_id=19"},"modified":"2026-01-25T19:38:16","modified_gmt":"2026-01-25T19:38:16","slug":"kontakt","status":"publish","type":"page","link":"https:\/\/hannah-bleckenwegner.at\/en\/kontakt\/","title":{"rendered":"Contact"},"content":{"rendered":"\t\t<div data-elementor-type=\"wp-page\" data-elementor-id=\"19\" class=\"elementor elementor-19\" data-elementor-settings=\"{&quot;ha_cmc_init_switcher&quot;:&quot;no&quot;}\">\n\t\t\t\t\t\t<section class=\"elementor-section elementor-top-section elementor-element elementor-element-27f5d3e1 elementor-section-boxed elementor-section-height-default elementor-section-height-default\" data-id=\"27f5d3e1\" data-element_type=\"section\" data-e-type=\"section\" data-settings=\"{&quot;background_background&quot;:&quot;classic&quot;,&quot;_ha_eqh_enable&quot;:false}\">\n\t\t\t\t\t\t<div class=\"elementor-container elementor-column-gap-default\">\n\t\t\t\t\t<div class=\"elementor-column elementor-col-50 elementor-top-column elementor-element elementor-element-a2c7c2b\" data-id=\"a2c7c2b\" data-element_type=\"column\" data-e-type=\"column\">\n\t\t\t<div class=\"elementor-widget-wrap elementor-element-populated\">\n\t\t\t\t\t\t<div class=\"elementor-element elementor-element-96e145c elementor-widget elementor-widget-heading\" data-id=\"96e145c\" data-element_type=\"widget\" data-e-type=\"widget\" data-widget_type=\"heading.default\">\n\t\t\t\t<div class=\"elementor-widget-container\">\n\t\t\t\t\t<h2 class=\"elementor-heading-title elementor-size-default\">Kontakt<\/h2>\t\t\t\t<\/div>\n\t\t\t\t<\/div>\n\t\t\t\t<div class=\"elementor-element elementor-element-0e8bb84 elementor-widget elementor-widget-image\" data-id=\"0e8bb84\" data-element_type=\"widget\" data-e-type=\"widget\" data-widget_type=\"image.default\">\n\t\t\t\t<div class=\"elementor-widget-container\">\n\t\t\t\t\t\t\t\t\t\t\t\t\t\t\t<img fetchpriority=\"high\" decoding=\"async\" width=\"768\" height=\"1024\" src=\"https:\/\/hannah-bleckenwegner.at\/wp-content\/uploads\/2024\/09\/IMG_0379-2-Kopie-768x1024.jpg\" class=\"attachment-large size-large wp-image-2742\" alt=\"\" srcset=\"https:\/\/hannah-bleckenwegner.at\/wp-content\/uploads\/2024\/09\/IMG_0379-2-Kopie-768x1024.jpg 768w, https:\/\/hannah-bleckenwegner.at\/wp-content\/uploads\/2024\/09\/IMG_0379-2-Kopie-225x300.jpg 225w, https:\/\/hannah-bleckenwegner.at\/wp-content\/uploads\/2024\/09\/IMG_0379-2-Kopie-1152x1536.jpg 1152w, https:\/\/hannah-bleckenwegner.at\/wp-content\/uploads\/2024\/09\/IMG_0379-2-Kopie-1536x2048.jpg 1536w, https:\/\/hannah-bleckenwegner.at\/wp-content\/uploads\/2024\/09\/IMG_0379-2-Kopie-600x800.jpg 600w, https:\/\/hannah-bleckenwegner.at\/wp-content\/uploads\/2024\/09\/IMG_0379-2-Kopie-scaled.jpg 1920w\" sizes=\"(max-width: 768px) 100vw, 768px\" \/>\t\t\t\t\t\t\t\t\t\t\t\t\t\t\t<\/div>\n\t\t\t\t<\/div>\n\t\t\t\t<div class=\"elementor-element elementor-element-ec78b04 elementor-align-start elementor-widget__width-initial elementor-widget-tablet__width-initial elementor-icon-list--layout-traditional elementor-list-item-link-full_width elementor-widget elementor-widget-icon-list\" data-id=\"ec78b04\" data-element_type=\"widget\" data-e-type=\"widget\" data-widget_type=\"icon-list.default\">\n\t\t\t\t<div class=\"elementor-widget-container\">\n\t\t\t\t\t\t\t<ul class=\"elementor-icon-list-items\">\n\t\t\t\t\t\t\t<li class=\"elementor-icon-list-item\">\n\t\t\t\t\t\t\t\t\t\t\t<span class=\"elementor-icon-list-icon\">\n\t\t\t\t\t\t\t<i aria-hidden=\"true\" class=\"hm hm-location-pointer\"><\/i>\t\t\t\t\t\t<\/span>\n\t\t\t\t\t\t\t\t\t\t<span class=\"elementor-icon-list-text\">Laxenburger Stra\u00dfe 2D\/1\/4, 1100 Wien<\/span>\n\t\t\t\t\t\t\t\t\t<\/li>\n\t\t\t\t\t\t\t\t<li class=\"elementor-icon-list-item\">\n\t\t\t\t\t\t\t\t\t\t\t<span class=\"elementor-icon-list-icon\">\n\t\t\t\t\t\t\t<i aria-hidden=\"true\" class=\"hm hm-phone\"><\/i>\t\t\t\t\t\t<\/span>\n\t\t\t\t\t\t\t\t\t\t<span class=\"elementor-icon-list-text\">+43 677 62307422<\/span>\n\t\t\t\t\t\t\t\t\t<\/li>\n\t\t\t\t\t\t\t\t<li class=\"elementor-icon-list-item\">\n\t\t\t\t\t\t\t\t\t\t\t<a href=\"mailto:praxis@hannah-bleckenwegner.at\">\n\n\t\t\t\t\t\t\t\t\t\t\t\t<span class=\"elementor-icon-list-icon\">\n\t\t\t\t\t\t\t<i aria-hidden=\"true\" class=\"hm hm-mail-open\"><\/i>\t\t\t\t\t\t<\/span>\n\t\t\t\t\t\t\t\t\t\t<span class=\"elementor-icon-list-text\">praxis@hannah-bleckenwegner.at<\/span>\n\t\t\t\t\t\t\t\t\t\t\t<\/a>\n\t\t\t\t\t\t\t\t\t<\/li>\n\t\t\t\t\t\t<\/ul>\n\t\t\t\t\t\t<\/div>\n\t\t\t\t<\/div>\n\t\t\t\t\t<\/div>\n\t\t<\/div>\n\t\t\t\t<div class=\"elementor-column elementor-col-50 elementor-top-column elementor-element elementor-element-51d7b382\" data-id=\"51d7b382\" data-element_type=\"column\" data-e-type=\"column\" data-settings=\"{&quot;background_background&quot;:&quot;classic&quot;}\">\n\t\t\t<div class=\"elementor-widget-wrap elementor-element-populated\">\n\t\t\t\t\t\t<section class=\"elementor-section elementor-inner-section elementor-element elementor-element-602163c elementor-section-boxed elementor-section-height-default elementor-section-height-default\" data-id=\"602163c\" data-element_type=\"section\" data-e-type=\"section\" data-settings=\"{&quot;_ha_eqh_enable&quot;:false}\">\n\t\t\t\t\t\t<div class=\"elementor-container elementor-column-gap-default\">\n\t\t\t\t\t<div class=\"elementor-column elementor-col-100 elementor-inner-column elementor-element elementor-element-c71747c\" data-id=\"c71747c\" data-element_type=\"column\" data-e-type=\"column\">\n\t\t\t<div class=\"elementor-widget-wrap elementor-element-populated\">\n\t\t\t\t\t\t<div class=\"elementor-element elementor-element-d3ff7a6 elementor-widget elementor-widget-text-editor\" data-id=\"d3ff7a6\" data-element_type=\"widget\" data-e-type=\"widget\" data-widget_type=\"text-editor.default\">\n\t\t\t\t<div class=\"elementor-widget-container\">\n\t\t\t\t\t\t\t\t\t<p><strong>Leider habe ich aktuell keine freien Pl\u00e4tze.<\/strong><\/p><p>Bitte f\u00fcllen Sie das untenstehende Formular aus, oder senden Sie mir eine E-Mail. Gerne k\u00f6nnen Sie mich auch anrufen und mir eine Nachricht hinterlassen, ich rufe Sie verl\u00e4sslich zur\u00fcck.<\/p>\t\t\t\t\t\t\t\t<\/div>\n\t\t\t\t<\/div>\n\t\t\t\t<div class=\"elementor-element elementor-element-2f456c4 eael-wpforms-labels-yes eael-wpforms-form-button-custom elementor-widget elementor-widget-eael-wpforms\" data-id=\"2f456c4\" data-element_type=\"widget\" data-e-type=\"widget\" data-widget_type=\"eael-wpforms.default\">\n\t\t\t\t<div class=\"elementor-widget-container\">\n\t\t\t\t\t            <div class=\"eael-contact-form eael-wpforms eael-wpforms-align-default\">\n                                <div class=\"wpforms-container wpforms-container-full wpforms-render-modern\" id=\"wpforms-2942\"><form id=\"wpforms-form-2942\" class=\"wpforms-validate wpforms-form wpforms-ajax-form\" data-formid=\"2942\" method=\"post\" enctype=\"multipart\/form-data\" action=\"\/en\/wp-json\/wp\/v2\/pages\/19\" data-token=\"6af95a7c030baec995c4c51b4f1901c6\" data-token-time=\"1776573880\"><div class=\"wpforms-head-container\"><div class=\"wpforms-title\">Kontaktformular<\/div><\/div><noscript class=\"wpforms-error-noscript\">Please enable JavaScript in your browser to complete this form.<\/noscript><div id=\"wpforms-error-noscript\" style=\"display: none;\">Please enable JavaScript in your browser to complete this form.<\/div><div class=\"wpforms-field-container\">\t\t<div id=\"wpforms-2942-field_4-container\"\n\t\t\tclass=\"wpforms-field wpforms-field-text\"\n\t\t\tdata-field-type=\"text\"\n\t\t\tdata-field-id=\"4\"\n\t\t\t>\n\t\t\t<label class=\"wpforms-field-label\" for=\"wpforms-2942-field_4\" >Datenschutz Name E-Mail-Adresse<\/label>\n\t\t\t<input type=\"text\" id=\"wpforms-2942-field_4\" class=\"wpforms-field-medium\" name=\"wpforms[fields][4]\" >\n\t\t<\/div>\n\t\t<div id=\"wpforms-2942-field_1-container\" class=\"wpforms-field wpforms-field-name\" data-field-id=\"1\"><fieldset><legend class=\"wpforms-field-label\">Name <span class=\"wpforms-required-label\" aria-hidden=\"true\">*<\/span><\/legend><div class=\"wpforms-field-row wpforms-field-medium\"><div class=\"wpforms-field-row-block wpforms-first wpforms-one-half\"><input type=\"text\" id=\"wpforms-2942-field_1\" class=\"wpforms-field-name-first wpforms-field-required\" name=\"wpforms[fields][1][first]\" aria-errormessage=\"wpforms-2942-field_1-error\" required><label for=\"wpforms-2942-field_1\" class=\"wpforms-field-sublabel after\">First<\/label><\/div><div class=\"wpforms-field-row-block wpforms-one-half\"><input type=\"text\" id=\"wpforms-2942-field_1-last\" class=\"wpforms-field-name-last wpforms-field-required\" name=\"wpforms[fields][1][last]\" aria-errormessage=\"wpforms-2942-field_1-last-error\" required><label for=\"wpforms-2942-field_1-last\" class=\"wpforms-field-sublabel after\">Last<\/label><\/div><\/div><\/fieldset><\/div><div id=\"wpforms-2942-field_2-container\" class=\"wpforms-field wpforms-field-email\" data-field-id=\"2\"><label class=\"wpforms-field-label\" for=\"wpforms-2942-field_2\">E-Mail-Adresse <span class=\"wpforms-required-label\" aria-hidden=\"true\">*<\/span><\/label><input type=\"email\" id=\"wpforms-2942-field_2\" class=\"wpforms-field-medium wpforms-field-required\" name=\"wpforms[fields][2]\" spellcheck=\"false\" aria-errormessage=\"wpforms-2942-field_2-error\" required><\/div><div id=\"wpforms-2942-field_3-container\" class=\"wpforms-field wpforms-field-textarea\" data-field-id=\"3\"><label class=\"wpforms-field-label\" for=\"wpforms-2942-field_3\">Nachricht<\/label><textarea id=\"wpforms-2942-field_3\" class=\"wpforms-field-medium\" name=\"wpforms[fields][3]\" aria-errormessage=\"wpforms-2942-field_3-error\" ><\/textarea><\/div><div id=\"wpforms-2942-field_6-container\" class=\"wpforms-field wpforms-field-checkbox\" data-field-id=\"6\"><fieldset><legend class=\"wpforms-field-label wpforms-label-hide\" aria-hidden=\"false\">Datenschutz <span class=\"wpforms-required-label\" aria-hidden=\"true\">*<\/span><\/legend><ul id=\"wpforms-2942-field_6\" class=\"wpforms-field-required\"><li class=\"choice-1 depth-1\"><input type=\"checkbox\" id=\"wpforms-2942-field_6_1\" name=\"wpforms[fields][6][]\" value=\"Ich stimme der Datenverarbeitung laut &lt;a href=&quot;https:\/\/hannah-bleckenwegner.at\/elementor-2761\/&quot; target=&quot;_blank&quot;&gt;DATENSCHUTZERKL\u00c4RUNG&lt;\/a&gt; zu.\" aria-errormessage=\"wpforms-2942-field_6_1-error\" required ><label class=\"wpforms-field-label-inline\" for=\"wpforms-2942-field_6_1\">Ich stimme der Datenverarbeitung laut <a href=\"https:\/\/hannah-bleckenwegner.at\/elementor-2761\/\" target=\"_blank\">DATENSCHUTZERKL\u00c4RUNG<\/a> zu.<\/label><\/li><\/ul><\/fieldset><\/div><script>\n\t\t\t\t( function() {\n\t\t\t\t\tconst style = document.createElement( 'style' );\n\t\t\t\t\tstyle.appendChild( document.createTextNode( '#wpforms-2942-field_4-container { position: absolute !important; overflow: hidden !important; display: inline !important; height: 1px !important; width: 1px !important; z-index: -1000 !important; padding: 0 !important; } #wpforms-2942-field_4-container input { visibility: hidden; } #wpforms-conversational-form-page #wpforms-2942-field_4-container label { counter-increment: none; }' ) );\n\t\t\t\t\tdocument.head.appendChild( style );\n\t\t\t\t\tdocument.currentScript?.remove();\n\t\t\t\t} )();\n\t\t\t<\/script><\/div><!-- .wpforms-field-container --><div class=\"wpforms-submit-container\" ><input type=\"hidden\" name=\"wpforms[id]\" value=\"2942\"><input type=\"hidden\" name=\"page_title\" value=\"\"><input type=\"hidden\" name=\"page_url\" value=\"https:\/\/hannah-bleckenwegner.at\/en\/wp-json\/wp\/v2\/pages\/19\"><input type=\"hidden\" name=\"url_referer\" value=\"\"><button type=\"submit\" name=\"wpforms[submit]\" id=\"wpforms-submit-2942\" class=\"wpforms-submit\" data-alt-text=\"Wird gesendet\u00a0\u2026\" data-submit-text=\"Absenden\" aria-live=\"assertive\" value=\"wpforms-submit\">Absenden<\/button><img decoding=\"async\" src=\"https:\/\/hannah-bleckenwegner.at\/wp-content\/plugins\/wpforms-lite\/assets\/images\/submit-spin.svg\" class=\"wpforms-submit-spinner\" style=\"display: none;\" width=\"26\" height=\"26\" alt=\"Loading\"><\/div><\/form><\/div>  <!-- .wpforms-container -->            <\/div>\n\t\t\t\t<\/div>\n\t\t\t\t<\/div>\n\t\t\t\t\t<\/div>\n\t\t<\/div>\n\t\t\t\t\t<\/div>\n\t\t<\/section>\n\t\t\t\t\t<\/div>\n\t\t<\/div>\n\t\t\t\t\t<\/div>\n\t\t<\/section>\n\t\t\t\t<section class=\"elementor-section elementor-top-section elementor-element elementor-element-e4c7420 elementor-section-boxed elementor-section-height-default elementor-section-height-default\" data-id=\"e4c7420\" data-element_type=\"section\" data-e-type=\"section\" data-settings=\"{&quot;background_background&quot;:&quot;classic&quot;,&quot;_ha_eqh_enable&quot;:false}\">\n\t\t\t\t\t\t<div class=\"elementor-container elementor-column-gap-default\">\n\t\t\t\t\t<div class=\"elementor-column elementor-col-100 elementor-top-column elementor-element elementor-element-3a22c31\" data-id=\"3a22c31\" data-element_type=\"column\" data-e-type=\"column\">\n\t\t\t<div class=\"elementor-widget-wrap elementor-element-populated\">\n\t\t\t\t\t\t<div class=\"elementor-element elementor-element-a66d33f elementor-widget elementor-widget-google_maps\" data-id=\"a66d33f\" data-element_type=\"widget\" data-e-type=\"widget\" data-widget_type=\"google_maps.default\">\n\t\t\t\t<div class=\"elementor-widget-container\">\n\t\t\t\t\t\t\t<div class=\"elementor-custom-embed\">\n\t\t\t<iframe loading=\"lazy\"\n\t\t\t\t\tsrc=\"https:\/\/maps.google.com\/maps?q=Laxenburger%20Stra%C3%9Fe%202D%2C%20Wien&#038;t=m&#038;z=10&#038;output=embed&#038;iwloc=near\"\n\t\t\t\t\ttitle=\"Laxenburger Stra\u00dfe 2D, Wien\"\n\t\t\t\t\taria-label=\"Laxenburger Stra\u00dfe 2D, Wien\"\n\t\t\t><\/iframe>\n\t\t<\/div>\n\t\t\t\t\t\t<\/div>\n\t\t\t\t<\/div>\n\t\t\t\t\t<\/div>\n\t\t<\/div>\n\t\t\t\t\t<\/div>\n\t\t<\/section>\n\t\t\t\t<\/div>\n\t\t","protected":false},"excerpt":{"rendered":"<p>Kontakt Laxenburger Stra\u00dfe 2D\/1\/4, 1100 Wien +43 677 62307422 praxis@hannah-bleckenwegner.at Leider habe ich aktuell keine freien Pl\u00e4tze. Bitte f\u00fcllen Sie das untenstehende Formular aus, oder senden Sie mir eine E-Mail. Gerne k\u00f6nnen Sie mich auch anrufen und mir eine Nachricht hinterlassen, ich rufe Sie verl\u00e4sslich zur\u00fcck. KontaktformularBitte aktiviere JavaScript in deinem Browser, um dieses Formular [&hellip;]<\/p>\n","protected":false},"author":2,"featured_media":0,"parent":0,"menu_order":8,"comment_status":"closed","ping_status":"closed","template":"","meta":{"footnotes":""},"class_list":["post-19","page","type-page","status-publish","hentry"],"yoast_head":"<!-- This site is optimized with the Yoast SEO plugin v27.4 - https:\/\/yoast.com\/product\/yoast-seo-wordpress\/ -->\n<title>Kontakt - Psychotherapie Hauptbahnhof<\/title>\n<meta name=\"description\" content=\"Psychotherapie f\u00fcr Jugendliche und Erwachsene. Vereinbaren Sie sich gerne einen Termin f\u00fcr ein Erstgespr\u00e4ch in meiner Praxis beim Hauptbahnhof\u2026\" \/>\n<meta name=\"robots\" content=\"index, follow, max-snippet:-1, max-image-preview:large, max-video-preview:-1\" \/>\n<link rel=\"canonical\" href=\"https:\/\/hannah-bleckenwegner.at\/en\/kontakt\/\" \/>\n<meta property=\"og:locale\" content=\"en_GB\" \/>\n<meta property=\"og:type\" content=\"article\" \/>\n<meta property=\"og:title\" content=\"Kontakt - Psychotherapie Hauptbahnhof\" \/>\n<meta property=\"og:description\" content=\"Psychotherapie f\u00fcr Jugendliche und Erwachsene. Vereinbaren Sie sich gerne einen Termin f\u00fcr ein Erstgespr\u00e4ch in meiner Praxis beim Hauptbahnhof\u2026\" \/>\n<meta property=\"og:url\" content=\"https:\/\/hannah-bleckenwegner.at\/en\/kontakt\/\" \/>\n<meta property=\"og:site_name\" content=\"Psychotherapie Hauptbahnhof\" \/>\n<meta property=\"article:modified_time\" content=\"2026-01-25T19:38:16+00:00\" \/>\n<meta property=\"og:image\" content=\"https:\/\/hannah-bleckenwegner.at\/wp-content\/uploads\/2024\/09\/IMG_0379-2-Kopie-scaled.jpg\" \/>\n\t<meta property=\"og:image:width\" content=\"1920\" \/>\n\t<meta property=\"og:image:height\" content=\"2560\" \/>\n\t<meta property=\"og:image:type\" content=\"image\/jpeg\" \/>\n<meta name=\"twitter:card\" content=\"summary_large_image\" \/>\n<meta name=\"twitter:label1\" content=\"Estimated reading time\" \/>\n\t<meta name=\"twitter:data1\" content=\"1 minute\" \/>\n<script type=\"application\/ld+json\" class=\"yoast-schema-graph\">{\"@context\":\"https:\\\/\\\/schema.org\",\"@graph\":[{\"@type\":\"WebPage\",\"@id\":\"https:\\\/\\\/hannah-bleckenwegner.at\\\/kontakt\\\/\",\"url\":\"https:\\\/\\\/hannah-bleckenwegner.at\\\/kontakt\\\/\",\"name\":\"Kontakt - Psychotherapie Hauptbahnhof\",\"isPartOf\":{\"@id\":\"https:\\\/\\\/hannah-bleckenwegner.at\\\/#website\"},\"primaryImageOfPage\":{\"@id\":\"https:\\\/\\\/hannah-bleckenwegner.at\\\/kontakt\\\/#primaryimage\"},\"image\":{\"@id\":\"https:\\\/\\\/hannah-bleckenwegner.at\\\/kontakt\\\/#primaryimage\"},\"thumbnailUrl\":\"https:\\\/\\\/hannah-bleckenwegner.at\\\/wp-content\\\/uploads\\\/2024\\\/09\\\/IMG_0379-2-Kopie-768x1024.jpg\",\"datePublished\":\"2022-08-14T23:54:54+00:00\",\"dateModified\":\"2026-01-25T19:38:16+00:00\",\"description\":\"Psychotherapie f\u00fcr Jugendliche und Erwachsene. Vereinbaren Sie sich gerne einen Termin f\u00fcr ein Erstgespr\u00e4ch in meiner Praxis beim Hauptbahnhof\u2026\",\"breadcrumb\":{\"@id\":\"https:\\\/\\\/hannah-bleckenwegner.at\\\/kontakt\\\/#breadcrumb\"},\"inLanguage\":\"en-GB\",\"potentialAction\":[{\"@type\":\"ReadAction\",\"target\":[\"https:\\\/\\\/hannah-bleckenwegner.at\\\/kontakt\\\/\"]}]},{\"@type\":\"ImageObject\",\"inLanguage\":\"en-GB\",\"@id\":\"https:\\\/\\\/hannah-bleckenwegner.at\\\/kontakt\\\/#primaryimage\",\"url\":\"https:\\\/\\\/hannah-bleckenwegner.at\\\/wp-content\\\/uploads\\\/2024\\\/09\\\/IMG_0379-2-Kopie-768x1024.jpg\",\"contentUrl\":\"https:\\\/\\\/hannah-bleckenwegner.at\\\/wp-content\\\/uploads\\\/2024\\\/09\\\/IMG_0379-2-Kopie-768x1024.jpg\"},{\"@type\":\"BreadcrumbList\",\"@id\":\"https:\\\/\\\/hannah-bleckenwegner.at\\\/kontakt\\\/#breadcrumb\",\"itemListElement\":[{\"@type\":\"ListItem\",\"position\":1,\"name\":\"Startseite\",\"item\":\"https:\\\/\\\/hannah-bleckenwegner.at\\\/\"},{\"@type\":\"ListItem\",\"position\":2,\"name\":\"Kontakt\"}]},{\"@type\":\"WebSite\",\"@id\":\"https:\\\/\\\/hannah-bleckenwegner.at\\\/#website\",\"url\":\"https:\\\/\\\/hannah-bleckenwegner.at\\\/\",\"name\":\"Psychotherapeutische Praxis\",\"description\":\"Psychotherapie 1100 Wien\",\"publisher\":{\"@id\":\"https:\\\/\\\/hannah-bleckenwegner.at\\\/#\\\/schema\\\/person\\\/e43be1777b099983428d433948160669\"},\"potentialAction\":[{\"@type\":\"SearchAction\",\"target\":{\"@type\":\"EntryPoint\",\"urlTemplate\":\"https:\\\/\\\/hannah-bleckenwegner.at\\\/?s={search_term_string}\"},\"query-input\":{\"@type\":\"PropertyValueSpecification\",\"valueRequired\":true,\"valueName\":\"search_term_string\"}}],\"inLanguage\":\"en-GB\"},{\"@type\":[\"Person\",\"Organization\"],\"@id\":\"https:\\\/\\\/hannah-bleckenwegner.at\\\/#\\\/schema\\\/person\\\/e43be1777b099983428d433948160669\",\"name\":\"Hannah Bleckenwegner\",\"image\":{\"@type\":\"ImageObject\",\"inLanguage\":\"en-GB\",\"@id\":\"https:\\\/\\\/hannah-bleckenwegner.at\\\/wp-content\\\/uploads\\\/2022\\\/08\\\/Logo.png\",\"url\":\"https:\\\/\\\/hannah-bleckenwegner.at\\\/wp-content\\\/uploads\\\/2022\\\/08\\\/Logo.png\",\"contentUrl\":\"https:\\\/\\\/hannah-bleckenwegner.at\\\/wp-content\\\/uploads\\\/2022\\\/08\\\/Logo.png\",\"width\":438,\"height\":436,\"caption\":\"Hannah Bleckenwegner\"},\"logo\":{\"@id\":\"https:\\\/\\\/hannah-bleckenwegner.at\\\/wp-content\\\/uploads\\\/2022\\\/08\\\/Logo.png\"},\"sameAs\":[\"http:\\\/\\\/hannah-bleckenwegner.at\"]}]}<\/script>\n<!-- \/ Yoast SEO plugin. -->","yoast_head_json":{"title":"Kontakt - Psychotherapie Hauptbahnhof","description":"Psychotherapie f\u00fcr Jugendliche und Erwachsene. Vereinbaren Sie sich gerne einen Termin f\u00fcr ein Erstgespr\u00e4ch in meiner Praxis beim Hauptbahnhof\u2026","robots":{"index":"index","follow":"follow","max-snippet":"max-snippet:-1","max-image-preview":"max-image-preview:large","max-video-preview":"max-video-preview:-1"},"canonical":"https:\/\/hannah-bleckenwegner.at\/en\/kontakt\/","og_locale":"en_GB","og_type":"article","og_title":"Kontakt - Psychotherapie Hauptbahnhof","og_description":"Psychotherapie f\u00fcr Jugendliche und Erwachsene. Vereinbaren Sie sich gerne einen Termin f\u00fcr ein Erstgespr\u00e4ch in meiner Praxis beim Hauptbahnhof\u2026","og_url":"https:\/\/hannah-bleckenwegner.at\/en\/kontakt\/","og_site_name":"Psychotherapie Hauptbahnhof","article_modified_time":"2026-01-25T19:38:16+00:00","og_image":[{"width":1920,"height":2560,"url":"https:\/\/hannah-bleckenwegner.at\/wp-content\/uploads\/2024\/09\/IMG_0379-2-Kopie-scaled.jpg","type":"image\/jpeg"}],"twitter_card":"summary_large_image","twitter_misc":{"Estimated reading time":"1 minute"},"schema":{"@context":"https:\/\/schema.org","@graph":[{"@type":"WebPage","@id":"https:\/\/hannah-bleckenwegner.at\/kontakt\/","url":"https:\/\/hannah-bleckenwegner.at\/kontakt\/","name":"Kontakt - Psychotherapie Hauptbahnhof","isPartOf":{"@id":"https:\/\/hannah-bleckenwegner.at\/#website"},"primaryImageOfPage":{"@id":"https:\/\/hannah-bleckenwegner.at\/kontakt\/#primaryimage"},"image":{"@id":"https:\/\/hannah-bleckenwegner.at\/kontakt\/#primaryimage"},"thumbnailUrl":"https:\/\/hannah-bleckenwegner.at\/wp-content\/uploads\/2024\/09\/IMG_0379-2-Kopie-768x1024.jpg","datePublished":"2022-08-14T23:54:54+00:00","dateModified":"2026-01-25T19:38:16+00:00","description":"Psychotherapie f\u00fcr Jugendliche und Erwachsene. Vereinbaren Sie sich gerne einen Termin f\u00fcr ein Erstgespr\u00e4ch in meiner Praxis beim Hauptbahnhof\u2026","breadcrumb":{"@id":"https:\/\/hannah-bleckenwegner.at\/kontakt\/#breadcrumb"},"inLanguage":"en-GB","potentialAction":[{"@type":"ReadAction","target":["https:\/\/hannah-bleckenwegner.at\/kontakt\/"]}]},{"@type":"ImageObject","inLanguage":"en-GB","@id":"https:\/\/hannah-bleckenwegner.at\/kontakt\/#primaryimage","url":"https:\/\/hannah-bleckenwegner.at\/wp-content\/uploads\/2024\/09\/IMG_0379-2-Kopie-768x1024.jpg","contentUrl":"https:\/\/hannah-bleckenwegner.at\/wp-content\/uploads\/2024\/09\/IMG_0379-2-Kopie-768x1024.jpg"},{"@type":"BreadcrumbList","@id":"https:\/\/hannah-bleckenwegner.at\/kontakt\/#breadcrumb","itemListElement":[{"@type":"ListItem","position":1,"name":"Startseite","item":"https:\/\/hannah-bleckenwegner.at\/"},{"@type":"ListItem","position":2,"name":"Kontakt"}]},{"@type":"WebSite","@id":"https:\/\/hannah-bleckenwegner.at\/#website","url":"https:\/\/hannah-bleckenwegner.at\/","name":"Psychotherapy Practice","description":"Psychotherapie 1100 Wien","publisher":{"@id":"https:\/\/hannah-bleckenwegner.at\/#\/schema\/person\/e43be1777b099983428d433948160669"},"potentialAction":[{"@type":"SearchAction","target":{"@type":"EntryPoint","urlTemplate":"https:\/\/hannah-bleckenwegner.at\/?s={search_term_string}"},"query-input":{"@type":"PropertyValueSpecification","valueRequired":true,"valueName":"search_term_string"}}],"inLanguage":"en-GB"},{"@type":["Person","Organization"],"@id":"https:\/\/hannah-bleckenwegner.at\/#\/schema\/person\/e43be1777b099983428d433948160669","name":"Hannah Bleckenwegner","image":{"@type":"ImageObject","inLanguage":"en-GB","@id":"https:\/\/hannah-bleckenwegner.at\/wp-content\/uploads\/2022\/08\/Logo.png","url":"https:\/\/hannah-bleckenwegner.at\/wp-content\/uploads\/2022\/08\/Logo.png","contentUrl":"https:\/\/hannah-bleckenwegner.at\/wp-content\/uploads\/2022\/08\/Logo.png","width":438,"height":436,"caption":"Hannah Bleckenwegner"},"logo":{"@id":"https:\/\/hannah-bleckenwegner.at\/wp-content\/uploads\/2022\/08\/Logo.png"},"sameAs":["http:\/\/hannah-bleckenwegner.at"]}]}},"_links":{"self":[{"href":"https:\/\/hannah-bleckenwegner.at\/en\/wp-json\/wp\/v2\/pages\/19","targetHints":{"allow":["GET"]}}],"collection":[{"href":"https:\/\/hannah-bleckenwegner.at\/en\/wp-json\/wp\/v2\/pages"}],"about":[{"href":"https:\/\/hannah-bleckenwegner.at\/en\/wp-json\/wp\/v2\/types\/page"}],"author":[{"embeddable":true,"href":"https:\/\/hannah-bleckenwegner.at\/en\/wp-json\/wp\/v2\/users\/2"}],"replies":[{"embeddable":true,"href":"https:\/\/hannah-bleckenwegner.at\/en\/wp-json\/wp\/v2\/comments?post=19"}],"version-history":[{"count":273,"href":"https:\/\/hannah-bleckenwegner.at\/en\/wp-json\/wp\/v2\/pages\/19\/revisions"}],"predecessor-version":[{"id":3545,"href":"https:\/\/hannah-bleckenwegner.at\/en\/wp-json\/wp\/v2\/pages\/19\/revisions\/3545"}],"wp:attachment":[{"href":"https:\/\/hannah-bleckenwegner.at\/en\/wp-json\/wp\/v2\/media?parent=19"}],"curies":[{"name":"wp","href":"https:\/\/api.w.org\/{rel}","templated":true}]}}