{"id":2761,"date":"2024-09-21T19:51:54","date_gmt":"2024-09-21T19:51:54","guid":{"rendered":"https:\/\/hannah-bleckenwegner.at\/?page_id=2761"},"modified":"2024-09-21T20:07:37","modified_gmt":"2024-09-21T20:07:37","slug":"elementor-2761","status":"publish","type":"page","link":"https:\/\/hannah-bleckenwegner.at\/en\/elementor-2761\/","title":{"rendered":"Privacy Policy"},"content":{"rendered":"<div data-elementor-type=\"wp-page\" data-elementor-id=\"2761\" class=\"elementor elementor-2761\" data-elementor-settings=\"{&quot;ha_cmc_init_switcher&quot;:&quot;no&quot;}\">\n\t\t\t\t\t\t<section class=\"elementor-section elementor-top-section elementor-element elementor-element-3139d04 elementor-section-boxed elementor-section-height-default elementor-section-height-default\" data-id=\"3139d04\" data-element_type=\"section\" data-e-type=\"section\" data-settings=\"{&quot;_ha_eqh_enable&quot;:false}\">\n\t\t\t\t\t\t<div class=\"elementor-container elementor-column-gap-default\">\n\t\t\t\t\t<div class=\"elementor-column elementor-col-100 elementor-top-column elementor-element elementor-element-f032e54\" data-id=\"f032e54\" data-element_type=\"column\" data-e-type=\"column\">\n\t\t\t<div class=\"elementor-widget-wrap elementor-element-populated\">\n\t\t\t\t\t\t<div class=\"elementor-element elementor-element-aedb61d elementor-widget elementor-widget-spacer\" data-id=\"aedb61d\" data-element_type=\"widget\" data-e-type=\"widget\" data-widget_type=\"spacer.default\">\n\t\t\t\t<div class=\"elementor-widget-container\">\n\t\t\t\t\t\t\t<div class=\"elementor-spacer\">\n\t\t\t<div class=\"elementor-spacer-inner\"><\/div>\n\t\t<\/div>\n\t\t\t\t\t\t<\/div>\n\t\t\t\t<\/div>\n\t\t\t\t\t<\/div>\n\t\t<\/div>\n\t\t\t\t\t<\/div>\n\t\t<\/section>\n\t\t\t\t<section class=\"elementor-section elementor-top-section elementor-element elementor-element-3ba2c80 elementor-section-boxed elementor-section-height-default elementor-section-height-default\" data-id=\"3ba2c80\" data-element_type=\"section\" data-e-type=\"section\" data-settings=\"{&quot;background_background&quot;:&quot;classic&quot;,&quot;_ha_eqh_enable&quot;:false}\">\n\t\t\t\t\t\t<div class=\"elementor-container elementor-column-gap-default\">\n\t\t\t\t\t<div class=\"elementor-column elementor-col-100 elementor-top-column elementor-element elementor-element-a8dc29f\" data-id=\"a8dc29f\" data-element_type=\"column\" data-e-type=\"column\">\n\t\t\t<div class=\"elementor-widget-wrap elementor-element-populated\">\n\t\t\t\t\t\t<div class=\"elementor-element elementor-element-ad1cb7e elementor-widget elementor-widget-text-editor\" data-id=\"ad1cb7e\" data-element_type=\"widget\" data-e-type=\"widget\" data-widget_type=\"text-editor.default\">\n\t\t\t\t<div class=\"elementor-widget-container\">\n\t\t\t\t\t\t\t\t\t<p style=\"font-weight: 400;\"><strong>PRIVACY POLICY<\/strong><\/p><p style=\"font-weight: 400;\">I collect, process and use your data only in accordance with the statutory provisions. This privacy policy applies exclusively to the use of the website offered by me. It does not apply to the websites of other service providers to which I merely refer by means of a link.<\/p><p style=\"font-weight: 400;\">Bei der Nutzung meiner Webseite bleiben Sie anonym, solange Sie mir nicht von sich aus freiwillig personenbezogene Daten zur Verf\u00fcgung stellen. Personenbezogene Daten werden nur dann erhoben, wenn dies f\u00fcr die Nutzung der auf der Webseite angebotenen Leistungen, insbesondere Formularangebote, erforderlich ist. Ich werde die von Ihnen zur Verf\u00fcgung gestellten Daten streng vertraulich behandeln.<\/p><p style=\"font-weight: 400;\">I will not pass on any personal data without your express consent, unless I am legally obliged to do so. However, I would like to point out that it is always possible for third parties to take note of or falsify your data when data is transmitted on the Internet.<\/p><p style=\"font-weight: 400;\">If you request it from me, I will grant you access to the data stored about you or delete it. If you wish to correct, delete or view data, simply send a letter to the address given in the legal notice.<\/p><ol><li style=\"font-weight: 400;\"><strong> Data protection at a glance<\/strong><\/li><\/ol><p style=\"font-weight: 400;\">General information<\/p><p style=\"font-weight: 400;\">The following information provides a simple overview of what happens to your personal data when you visit my website. Personal data is any data that can be used to identify you personally. For detailed information on the subject of data protection, please refer to my privacy policy listed below this text.<\/p><p style=\"font-weight: 400;\">Who is responsible for data collection on this website?<\/p><p style=\"font-weight: 400;\">Data processing on this website is carried out by the website operator. You can find the operator's contact details in the legal notice of this website.<\/p><p style=\"font-weight: 400;\">How do I capture your data?<\/p><p style=\"font-weight: 400;\">On the one hand, your data is collected when you provide it to me. This may, for example, be data that you enter in one of my contact forms. Other data is collected automatically by my IT system when you visit the website. This is primarily technical data (e.g. internet browser, operating system or time of page view). This data is collected automatically as soon as you enter my website.<\/p><p style=\"font-weight: 400;\">What do I use your data for?<\/p><p style=\"font-weight: 400;\">Some of the data is collected to ensure that the website is provided without errors. Other data may be used to analyse your user behaviour.<\/p><p style=\"font-weight: 400;\">What rights do you have regarding your data?<\/p><p style=\"font-weight: 400;\">You have the right to receive information about the origin, recipient and purpose of your stored personal data free of charge at any time. You also have the right to request the correction, blocking or deletion of this data. You can contact me at any time at the address given in the legal notice if you have any further questions on the subject of data protection.<\/p><ol start=\"2\"><li style=\"font-weight: 400;\"><strong> General notes and mandatory information<\/strong><\/li><\/ol><p style=\"font-weight: 400;\">Privacy Policy<\/p><p style=\"font-weight: 400;\">The operator of these pages takes the protection of your personal data very seriously. I treat your personal data confidentially and in accordance with the data protection regulations and this privacy policy. When you use this website, various personal data is collected. Personal data is data that can be used to identify you personally. This privacy policy explains what data I collect and what I use it for. It also explains how and for what purpose this is done. I would like to point out that data transmission over the Internet (e.g. when communicating by email) may be subject to security vulnerabilities. Unfortunately, it is not possible to completely protect data from access by third parties.<\/p><p style=\"font-weight: 400;\">Right to lodge a complaint with the competent supervisory authority<\/p><p style=\"font-weight: 400;\">In the event of breaches of data protection law, the data subject has the right to lodge a complaint with the competent supervisory authority. The competent supervisory authority for data protection issues is the state data protection officer of the federal state in which my company is based. A list of data protection officers and their contact details can be found at the following link: https:\/\/www.dsb.gv.at\/kontakt for Austria.<\/p><p style=\"font-weight: 400;\">Right to data portability<\/p><p style=\"font-weight: 400;\">You have the right to have data that I process automatically on the basis of your consent or in fulfilment of a contract handed over to you or to a third party in a commonly used, machine-readable format. If you request the direct transfer of the data to another controller, this will only take place if it is technically feasible.<\/p><p style=\"font-weight: 400;\">Information, blocking, deletion<\/p><p style=\"font-weight: 400;\">Within the framework of the applicable legal provisions, you have the right at any time to free information about your stored personal data, its origin and recipient and the purpose of the data processing and, if necessary, a right to correction, blocking or deletion of this data. You can contact me at any time at the address given in the legal notice if you have further questions on the subject of personal data.<\/p>\t\t\t\t\t\t\t\t<\/div>\n\t\t\t\t<\/div>\n\t\t\t\t\t<\/div>\n\t\t<\/div>\n\t\t\t\t\t<\/div>\n\t\t<\/section>\n\t\t\t\t<\/div>","protected":false},"excerpt":{"rendered":"<p>DATENSCHUTZERKL\u00c4RUNG Ich erhebe, verarbeite und nutze Ihre Daten nur im Rahmen der gesetzlichen Bestimmungen. Diese Datenschutzerkl\u00e4rung gilt ausschlie\u00dflich f\u00fcr die Nutzung der von mir angebotenen Webseite. Sie gilt nicht f\u00fcr die Webseiten anderer Dienst\u00adanbieter, auf die ich lediglich durch einen Link verweise. Bei der Nutzung meiner Webseite bleiben Sie anonym, solange Sie mir nicht von [&hellip;]<\/p>\n","protected":false},"author":3,"featured_media":0,"parent":0,"menu_order":0,"comment_status":"closed","ping_status":"closed","template":"","meta":{"footnotes":""},"class_list":["post-2761","page","type-page","status-publish","hentry"],"yoast_head":"<!-- This site is optimized with the Yoast SEO plugin v27.4 - https:\/\/yoast.com\/product\/yoast-seo-wordpress\/ -->\n<title>Datenschutz - Psychotherapie Hauptbahnhof<\/title>\n<meta name=\"description\" content=\"Psychotherapie, schnelle Hilfe bei psychischem Stress\" \/>\n<meta name=\"robots\" content=\"index, follow, max-snippet:-1, max-image-preview:large, max-video-preview:-1\" \/>\n<link rel=\"canonical\" href=\"https:\/\/hannah-bleckenwegner.at\/en\/elementor-2761\/\" \/>\n<meta property=\"og:locale\" content=\"en_GB\" \/>\n<meta property=\"og:type\" content=\"article\" \/>\n<meta property=\"og:title\" content=\"Datenschutz - Psychotherapie Hauptbahnhof\" \/>\n<meta property=\"og:description\" content=\"Psychotherapie, schnelle Hilfe bei psychischem Stress\" \/>\n<meta property=\"og:url\" content=\"https:\/\/hannah-bleckenwegner.at\/en\/elementor-2761\/\" \/>\n<meta property=\"og:site_name\" content=\"Psychotherapie Hauptbahnhof\" \/>\n<meta property=\"article:modified_time\" content=\"2024-09-21T20:07:37+00:00\" \/>\n<meta name=\"twitter:card\" content=\"summary_large_image\" \/>\n<meta name=\"twitter:label1\" content=\"Estimated reading time\" \/>\n\t<meta name=\"twitter:data1\" content=\"4 minutes\" \/>\n<script type=\"application\/ld+json\" class=\"yoast-schema-graph\">{\"@context\":\"https:\\\/\\\/schema.org\",\"@graph\":[{\"@type\":\"WebPage\",\"@id\":\"https:\\\/\\\/hannah-bleckenwegner.at\\\/elementor-2761\\\/\",\"url\":\"https:\\\/\\\/hannah-bleckenwegner.at\\\/elementor-2761\\\/\",\"name\":\"Datenschutz - Psychotherapie Hauptbahnhof\",\"isPartOf\":{\"@id\":\"https:\\\/\\\/hannah-bleckenwegner.at\\\/#website\"},\"datePublished\":\"2024-09-21T19:51:54+00:00\",\"dateModified\":\"2024-09-21T20:07:37+00:00\",\"description\":\"Psychotherapie, schnelle Hilfe bei psychischem Stress\",\"breadcrumb\":{\"@id\":\"https:\\\/\\\/hannah-bleckenwegner.at\\\/elementor-2761\\\/#breadcrumb\"},\"inLanguage\":\"en-GB\",\"potentialAction\":[{\"@type\":\"ReadAction\",\"target\":[\"https:\\\/\\\/hannah-bleckenwegner.at\\\/elementor-2761\\\/\"]}]},{\"@type\":\"BreadcrumbList\",\"@id\":\"https:\\\/\\\/hannah-bleckenwegner.at\\\/elementor-2761\\\/#breadcrumb\",\"itemListElement\":[{\"@type\":\"ListItem\",\"position\":1,\"name\":\"Startseite\",\"item\":\"https:\\\/\\\/hannah-bleckenwegner.at\\\/\"},{\"@type\":\"ListItem\",\"position\":2,\"name\":\"Datenschutz\"}]},{\"@type\":\"WebSite\",\"@id\":\"https:\\\/\\\/hannah-bleckenwegner.at\\\/#website\",\"url\":\"https:\\\/\\\/hannah-bleckenwegner.at\\\/\",\"name\":\"Psychotherapeutische Praxis\",\"description\":\"Psychotherapie 1100 Wien\",\"publisher\":{\"@id\":\"https:\\\/\\\/hannah-bleckenwegner.at\\\/#\\\/schema\\\/person\\\/e43be1777b099983428d433948160669\"},\"potentialAction\":[{\"@type\":\"SearchAction\",\"target\":{\"@type\":\"EntryPoint\",\"urlTemplate\":\"https:\\\/\\\/hannah-bleckenwegner.at\\\/?s={search_term_string}\"},\"query-input\":{\"@type\":\"PropertyValueSpecification\",\"valueRequired\":true,\"valueName\":\"search_term_string\"}}],\"inLanguage\":\"en-GB\"},{\"@type\":[\"Person\",\"Organization\"],\"@id\":\"https:\\\/\\\/hannah-bleckenwegner.at\\\/#\\\/schema\\\/person\\\/e43be1777b099983428d433948160669\",\"name\":\"Hannah Bleckenwegner\",\"image\":{\"@type\":\"ImageObject\",\"inLanguage\":\"en-GB\",\"@id\":\"https:\\\/\\\/hannah-bleckenwegner.at\\\/wp-content\\\/uploads\\\/2022\\\/08\\\/Logo.png\",\"url\":\"https:\\\/\\\/hannah-bleckenwegner.at\\\/wp-content\\\/uploads\\\/2022\\\/08\\\/Logo.png\",\"contentUrl\":\"https:\\\/\\\/hannah-bleckenwegner.at\\\/wp-content\\\/uploads\\\/2022\\\/08\\\/Logo.png\",\"width\":438,\"height\":436,\"caption\":\"Hannah Bleckenwegner\"},\"logo\":{\"@id\":\"https:\\\/\\\/hannah-bleckenwegner.at\\\/wp-content\\\/uploads\\\/2022\\\/08\\\/Logo.png\"},\"sameAs\":[\"http:\\\/\\\/hannah-bleckenwegner.at\"]}]}<\/script>\n<!-- \/ Yoast SEO plugin. -->","yoast_head_json":{"title":"Datenschutz - Psychotherapie Hauptbahnhof","description":"Psychotherapie, schnelle Hilfe bei psychischem Stress","robots":{"index":"index","follow":"follow","max-snippet":"max-snippet:-1","max-image-preview":"max-image-preview:large","max-video-preview":"max-video-preview:-1"},"canonical":"https:\/\/hannah-bleckenwegner.at\/en\/elementor-2761\/","og_locale":"en_GB","og_type":"article","og_title":"Datenschutz - Psychotherapie Hauptbahnhof","og_description":"Psychotherapie, schnelle Hilfe bei psychischem Stress","og_url":"https:\/\/hannah-bleckenwegner.at\/en\/elementor-2761\/","og_site_name":"Psychotherapie Hauptbahnhof","article_modified_time":"2024-09-21T20:07:37+00:00","twitter_card":"summary_large_image","twitter_misc":{"Estimated reading time":"4 minutes"},"schema":{"@context":"https:\/\/schema.org","@graph":[{"@type":"WebPage","@id":"https:\/\/hannah-bleckenwegner.at\/elementor-2761\/","url":"https:\/\/hannah-bleckenwegner.at\/elementor-2761\/","name":"Datenschutz - Psychotherapie Hauptbahnhof","isPartOf":{"@id":"https:\/\/hannah-bleckenwegner.at\/#website"},"datePublished":"2024-09-21T19:51:54+00:00","dateModified":"2024-09-21T20:07:37+00:00","description":"Psychotherapie, schnelle Hilfe bei psychischem Stress","breadcrumb":{"@id":"https:\/\/hannah-bleckenwegner.at\/elementor-2761\/#breadcrumb"},"inLanguage":"en-GB","potentialAction":[{"@type":"ReadAction","target":["https:\/\/hannah-bleckenwegner.at\/elementor-2761\/"]}]},{"@type":"BreadcrumbList","@id":"https:\/\/hannah-bleckenwegner.at\/elementor-2761\/#breadcrumb","itemListElement":[{"@type":"ListItem","position":1,"name":"Startseite","item":"https:\/\/hannah-bleckenwegner.at\/"},{"@type":"ListItem","position":2,"name":"Datenschutz"}]},{"@type":"WebSite","@id":"https:\/\/hannah-bleckenwegner.at\/#website","url":"https:\/\/hannah-bleckenwegner.at\/","name":"Psychotherapy Practice","description":"Psychotherapie 1100 Wien","publisher":{"@id":"https:\/\/hannah-bleckenwegner.at\/#\/schema\/person\/e43be1777b099983428d433948160669"},"potentialAction":[{"@type":"SearchAction","target":{"@type":"EntryPoint","urlTemplate":"https:\/\/hannah-bleckenwegner.at\/?s={search_term_string}"},"query-input":{"@type":"PropertyValueSpecification","valueRequired":true,"valueName":"search_term_string"}}],"inLanguage":"en-GB"},{"@type":["Person","Organization"],"@id":"https:\/\/hannah-bleckenwegner.at\/#\/schema\/person\/e43be1777b099983428d433948160669","name":"Hannah Bleckenwegner","image":{"@type":"ImageObject","inLanguage":"en-GB","@id":"https:\/\/hannah-bleckenwegner.at\/wp-content\/uploads\/2022\/08\/Logo.png","url":"https:\/\/hannah-bleckenwegner.at\/wp-content\/uploads\/2022\/08\/Logo.png","contentUrl":"https:\/\/hannah-bleckenwegner.at\/wp-content\/uploads\/2022\/08\/Logo.png","width":438,"height":436,"caption":"Hannah Bleckenwegner"},"logo":{"@id":"https:\/\/hannah-bleckenwegner.at\/wp-content\/uploads\/2022\/08\/Logo.png"},"sameAs":["http:\/\/hannah-bleckenwegner.at"]}]}},"_links":{"self":[{"href":"https:\/\/hannah-bleckenwegner.at\/en\/wp-json\/wp\/v2\/pages\/2761","targetHints":{"allow":["GET"]}}],"collection":[{"href":"https:\/\/hannah-bleckenwegner.at\/en\/wp-json\/wp\/v2\/pages"}],"about":[{"href":"https:\/\/hannah-bleckenwegner.at\/en\/wp-json\/wp\/v2\/types\/page"}],"author":[{"embeddable":true,"href":"https:\/\/hannah-bleckenwegner.at\/en\/wp-json\/wp\/v2\/users\/3"}],"replies":[{"embeddable":true,"href":"https:\/\/hannah-bleckenwegner.at\/en\/wp-json\/wp\/v2\/comments?post=2761"}],"version-history":[{"count":9,"href":"https:\/\/hannah-bleckenwegner.at\/en\/wp-json\/wp\/v2\/pages\/2761\/revisions"}],"predecessor-version":[{"id":2771,"href":"https:\/\/hannah-bleckenwegner.at\/en\/wp-json\/wp\/v2\/pages\/2761\/revisions\/2771"}],"wp:attachment":[{"href":"https:\/\/hannah-bleckenwegner.at\/en\/wp-json\/wp\/v2\/media?parent=2761"}],"curies":[{"name":"wp","href":"https:\/\/api.w.org\/{rel}","templated":true}]}}