{"id":2776,"date":"2024-09-21T20:49:42","date_gmt":"2024-09-21T20:49:42","guid":{"rendered":"https:\/\/hannah-bleckenwegner.at\/?page_id=2776"},"modified":"2024-09-21T21:03:16","modified_gmt":"2024-09-21T21:03:16","slug":"impressum","status":"publish","type":"page","link":"https:\/\/hannah-bleckenwegner.at\/en\/impressum\/","title":{"rendered":"Imprint"},"content":{"rendered":"<div data-elementor-type=\"wp-page\" data-elementor-id=\"2776\" class=\"elementor elementor-2776\" data-elementor-settings=\"{&quot;ha_cmc_init_switcher&quot;:&quot;no&quot;}\">\n\t\t\t\t\t\t<section class=\"elementor-section elementor-top-section elementor-element elementor-element-13cf683 elementor-section-boxed elementor-section-height-default elementor-section-height-default\" data-id=\"13cf683\" data-element_type=\"section\" data-e-type=\"section\" data-settings=\"{&quot;_ha_eqh_enable&quot;:false}\">\n\t\t\t\t\t\t<div class=\"elementor-container elementor-column-gap-default\">\n\t\t\t\t\t<div class=\"elementor-column elementor-col-100 elementor-top-column elementor-element elementor-element-7512578\" data-id=\"7512578\" data-element_type=\"column\" data-e-type=\"column\">\n\t\t\t<div class=\"elementor-widget-wrap elementor-element-populated\">\n\t\t\t\t\t\t<div class=\"elementor-element elementor-element-86f3a2d elementor-widget elementor-widget-spacer\" data-id=\"86f3a2d\" data-element_type=\"widget\" data-e-type=\"widget\" data-widget_type=\"spacer.default\">\n\t\t\t\t<div class=\"elementor-widget-container\">\n\t\t\t\t\t\t\t<div class=\"elementor-spacer\">\n\t\t\t<div class=\"elementor-spacer-inner\"><\/div>\n\t\t<\/div>\n\t\t\t\t\t\t<\/div>\n\t\t\t\t<\/div>\n\t\t\t\t\t<\/div>\n\t\t<\/div>\n\t\t\t\t\t<\/div>\n\t\t<\/section>\n\t\t\t\t<section class=\"elementor-section elementor-top-section elementor-element elementor-element-5611315 elementor-section-boxed elementor-section-height-default elementor-section-height-default\" data-id=\"5611315\" data-element_type=\"section\" data-e-type=\"section\" data-settings=\"{&quot;background_background&quot;:&quot;classic&quot;,&quot;_ha_eqh_enable&quot;:false}\">\n\t\t\t\t\t\t<div class=\"elementor-container elementor-column-gap-default\">\n\t\t\t\t\t<div class=\"elementor-column elementor-col-100 elementor-top-column elementor-element elementor-element-daa83b3\" data-id=\"daa83b3\" data-element_type=\"column\" data-e-type=\"column\">\n\t\t\t<div class=\"elementor-widget-wrap elementor-element-populated\">\n\t\t\t\t\t\t<div class=\"elementor-element elementor-element-86db525 elementor-widget elementor-widget-text-editor\" data-id=\"86db525\" data-element_type=\"widget\" data-e-type=\"widget\" data-widget_type=\"text-editor.default\">\n\t\t\t\t<div class=\"elementor-widget-container\">\n\t\t\t\t\t\t\t\t\t<p style=\"font-weight: 400;\"><strong>Imprint<\/strong><\/p><p style=\"font-weight: 400;\">Information and disclosure pursuant to \u00a75 (1) ECG, \u00a7 25 MedienG, \u00a7 63 GewO and \u00a7 14 UGB<\/p><p style=\"font-weight: 400;\">Website owner: Hannah Bleckenwegner<\/p><p style=\"font-weight: 400;\">Address:\u00a0Laxenburger Stra\u00dfe 2D\/1\/4, 1100 Wien<\/p><p style=\"font-weight: 400;\">Trade supervisory authority: Federal Ministry of Social Affairs, Health, Care and Consumer Protection\u00a0<br \/>Memberships: Austrian Federal Association for Psychotherapy (\u00d6BVP), Austrian Association for Individual Psychology (\u00d6VIP)<\/p><p style=\"font-weight: 400;\">Contact:<br \/>Phone: +43 677 62307422\u00a0<br \/>Email: praxis@hannah-bleckenwegner.at\u00a0<\/p><p style=\"font-weight: 400;\">Applicable legislation: www.ris.bka.gv.at (Psychotherapy Act)<br \/>Professional title: Psychotherapy in training under supervision<\/p><p style=\"font-weight: 400;\">Copyright: The contents of this website are, as far as legally possible, subject to various intellectual property rights (e.g. copyright). Any use\/distribution of material provided that is prohibited by copyright law requires the written consent of the website operator.<\/p><p style=\"font-weight: 400;\">Disclaimer: Despite careful control of the content, the website operator of this website accepts no liability for the content of external links. The operators of the linked pages are solely responsible for their content. Should you nevertheless become aware of outgoing links that refer to a website with illegal activity\/information, we request that you inform us accordingly so that we can remove them immediately in accordance with \u00a7 17 Para. 2 ECG.<br \/>Die Urheberrechte Dritter werden vom Betreiber dieser Webseite mit gr\u00f6\u00dfter Sorgfalt beachtet. Sollten Sie trotzdem auf eine Urheberrechtsverletzung aufmerksam werden, bitten wir um einen entsprechenden Hinweis. Bei Bekanntwerden derartiger Rechtsverletzungen werden wir den betroffenen Inhalt umgehend entfernen.<\/p><p style=\"font-weight: 400;\">Source: Imprint Generator Austria<\/p><p style=\"font-weight: 400;\">\u00a0<\/p>\t\t\t\t\t\t\t\t<\/div>\n\t\t\t\t<\/div>\n\t\t\t\t\t<\/div>\n\t\t<\/div>\n\t\t\t\t\t<\/div>\n\t\t<\/section>\n\t\t\t\t<\/div>","protected":false},"excerpt":{"rendered":"<p>Impressum Informationen und Offenlegung gem\u00e4\u00df \u00a75 (1) ECG, \u00a7 25 MedienG, \u00a7 63 GewO und \u00a7 14 UGB Webseitenbetreiber:\u00a0Hannah Bleckenwegner Anschrift:\u00a0Laxenburger Stra\u00dfe 2D\/1\/4, 1100 Wien Gewerbeaufsichtbeh\u00f6rde:\u00a0Bundesministerium f\u00fcr Soziales, Gesundheit, Pflege und Konsumentenschutz\u00a0Mitgliedschaften: \u00d6sterreichischer Bundesverband f\u00fcr Psychotherapie (\u00d6BVP), \u00d6sterreichischer Verein f\u00fcr Individualpsychologie (\u00d6VIP) Kontaktdaten:Telefon: +43 677 62307422\u00a0Email: praxis@hannah-bleckenwegner.at\u00a0 Anwendbare Rechtsvorschrift:\u00a0www.ris.bka.gv.at\u00a0(Psychotherapiegesetz)Berufsbezeichnung:\u00a0Psychotherapie in Ausbildung unter Supervision Urheberrecht:\u00a0Die Inhalte [&hellip;]<\/p>\n","protected":false},"author":3,"featured_media":0,"parent":0,"menu_order":0,"comment_status":"closed","ping_status":"closed","template":"","meta":{"footnotes":""},"class_list":["post-2776","page","type-page","status-publish","hentry"],"yoast_head":"<!-- This site is optimized with the Yoast SEO plugin v27.4 - https:\/\/yoast.com\/product\/yoast-seo-wordpress\/ -->\n<title>Impressum - Psychotherapie Hauptbahnhof<\/title>\n<meta name=\"description\" content=\"Psychotherapie, schnelle Hilfe bei psychischem Stress\" \/>\n<meta name=\"robots\" content=\"index, follow, max-snippet:-1, max-image-preview:large, max-video-preview:-1\" \/>\n<link rel=\"canonical\" href=\"https:\/\/hannah-bleckenwegner.at\/en\/impressum\/\" \/>\n<meta property=\"og:locale\" content=\"en_GB\" \/>\n<meta property=\"og:type\" content=\"article\" \/>\n<meta property=\"og:title\" content=\"Impressum - Psychotherapie Hauptbahnhof\" \/>\n<meta property=\"og:description\" content=\"Psychotherapie, schnelle Hilfe bei psychischem Stress\" \/>\n<meta property=\"og:url\" content=\"https:\/\/hannah-bleckenwegner.at\/en\/impressum\/\" \/>\n<meta property=\"og:site_name\" content=\"Psychotherapie Hauptbahnhof\" \/>\n<meta property=\"article:modified_time\" content=\"2024-09-21T21:03:16+00:00\" \/>\n<meta name=\"twitter:card\" content=\"summary_large_image\" \/>\n<meta name=\"twitter:label1\" content=\"Estimated reading time\" \/>\n\t<meta name=\"twitter:data1\" content=\"1 minute\" \/>\n<script type=\"application\/ld+json\" class=\"yoast-schema-graph\">{\"@context\":\"https:\\\/\\\/schema.org\",\"@graph\":[{\"@type\":\"WebPage\",\"@id\":\"https:\\\/\\\/hannah-bleckenwegner.at\\\/impressum\\\/\",\"url\":\"https:\\\/\\\/hannah-bleckenwegner.at\\\/impressum\\\/\",\"name\":\"Impressum - Psychotherapie Hauptbahnhof\",\"isPartOf\":{\"@id\":\"https:\\\/\\\/hannah-bleckenwegner.at\\\/#website\"},\"datePublished\":\"2024-09-21T20:49:42+00:00\",\"dateModified\":\"2024-09-21T21:03:16+00:00\",\"description\":\"Psychotherapie, schnelle Hilfe bei psychischem Stress\",\"breadcrumb\":{\"@id\":\"https:\\\/\\\/hannah-bleckenwegner.at\\\/impressum\\\/#breadcrumb\"},\"inLanguage\":\"en-GB\",\"potentialAction\":[{\"@type\":\"ReadAction\",\"target\":[\"https:\\\/\\\/hannah-bleckenwegner.at\\\/impressum\\\/\"]}]},{\"@type\":\"BreadcrumbList\",\"@id\":\"https:\\\/\\\/hannah-bleckenwegner.at\\\/impressum\\\/#breadcrumb\",\"itemListElement\":[{\"@type\":\"ListItem\",\"position\":1,\"name\":\"Startseite\",\"item\":\"https:\\\/\\\/hannah-bleckenwegner.at\\\/\"},{\"@type\":\"ListItem\",\"position\":2,\"name\":\"Impressum\"}]},{\"@type\":\"WebSite\",\"@id\":\"https:\\\/\\\/hannah-bleckenwegner.at\\\/#website\",\"url\":\"https:\\\/\\\/hannah-bleckenwegner.at\\\/\",\"name\":\"Psychotherapeutische Praxis\",\"description\":\"Psychotherapie 1100 Wien\",\"publisher\":{\"@id\":\"https:\\\/\\\/hannah-bleckenwegner.at\\\/#\\\/schema\\\/person\\\/e43be1777b099983428d433948160669\"},\"potentialAction\":[{\"@type\":\"SearchAction\",\"target\":{\"@type\":\"EntryPoint\",\"urlTemplate\":\"https:\\\/\\\/hannah-bleckenwegner.at\\\/?s={search_term_string}\"},\"query-input\":{\"@type\":\"PropertyValueSpecification\",\"valueRequired\":true,\"valueName\":\"search_term_string\"}}],\"inLanguage\":\"en-GB\"},{\"@type\":[\"Person\",\"Organization\"],\"@id\":\"https:\\\/\\\/hannah-bleckenwegner.at\\\/#\\\/schema\\\/person\\\/e43be1777b099983428d433948160669\",\"name\":\"Hannah Bleckenwegner\",\"image\":{\"@type\":\"ImageObject\",\"inLanguage\":\"en-GB\",\"@id\":\"https:\\\/\\\/hannah-bleckenwegner.at\\\/wp-content\\\/uploads\\\/2022\\\/08\\\/Logo.png\",\"url\":\"https:\\\/\\\/hannah-bleckenwegner.at\\\/wp-content\\\/uploads\\\/2022\\\/08\\\/Logo.png\",\"contentUrl\":\"https:\\\/\\\/hannah-bleckenwegner.at\\\/wp-content\\\/uploads\\\/2022\\\/08\\\/Logo.png\",\"width\":438,\"height\":436,\"caption\":\"Hannah Bleckenwegner\"},\"logo\":{\"@id\":\"https:\\\/\\\/hannah-bleckenwegner.at\\\/wp-content\\\/uploads\\\/2022\\\/08\\\/Logo.png\"},\"sameAs\":[\"http:\\\/\\\/hannah-bleckenwegner.at\"]}]}<\/script>\n<!-- \/ Yoast SEO plugin. -->","yoast_head_json":{"title":"Impressum - Psychotherapie Hauptbahnhof","description":"Psychotherapie, schnelle Hilfe bei psychischem Stress","robots":{"index":"index","follow":"follow","max-snippet":"max-snippet:-1","max-image-preview":"max-image-preview:large","max-video-preview":"max-video-preview:-1"},"canonical":"https:\/\/hannah-bleckenwegner.at\/en\/impressum\/","og_locale":"en_GB","og_type":"article","og_title":"Impressum - Psychotherapie Hauptbahnhof","og_description":"Psychotherapie, schnelle Hilfe bei psychischem Stress","og_url":"https:\/\/hannah-bleckenwegner.at\/en\/impressum\/","og_site_name":"Psychotherapie Hauptbahnhof","article_modified_time":"2024-09-21T21:03:16+00:00","twitter_card":"summary_large_image","twitter_misc":{"Estimated reading time":"1 minute"},"schema":{"@context":"https:\/\/schema.org","@graph":[{"@type":"WebPage","@id":"https:\/\/hannah-bleckenwegner.at\/impressum\/","url":"https:\/\/hannah-bleckenwegner.at\/impressum\/","name":"Impressum - Psychotherapie Hauptbahnhof","isPartOf":{"@id":"https:\/\/hannah-bleckenwegner.at\/#website"},"datePublished":"2024-09-21T20:49:42+00:00","dateModified":"2024-09-21T21:03:16+00:00","description":"Psychotherapie, schnelle Hilfe bei psychischem Stress","breadcrumb":{"@id":"https:\/\/hannah-bleckenwegner.at\/impressum\/#breadcrumb"},"inLanguage":"en-GB","potentialAction":[{"@type":"ReadAction","target":["https:\/\/hannah-bleckenwegner.at\/impressum\/"]}]},{"@type":"BreadcrumbList","@id":"https:\/\/hannah-bleckenwegner.at\/impressum\/#breadcrumb","itemListElement":[{"@type":"ListItem","position":1,"name":"Startseite","item":"https:\/\/hannah-bleckenwegner.at\/"},{"@type":"ListItem","position":2,"name":"Impressum"}]},{"@type":"WebSite","@id":"https:\/\/hannah-bleckenwegner.at\/#website","url":"https:\/\/hannah-bleckenwegner.at\/","name":"Psychotherapy Practice","description":"Psychotherapie 1100 Wien","publisher":{"@id":"https:\/\/hannah-bleckenwegner.at\/#\/schema\/person\/e43be1777b099983428d433948160669"},"potentialAction":[{"@type":"SearchAction","target":{"@type":"EntryPoint","urlTemplate":"https:\/\/hannah-bleckenwegner.at\/?s={search_term_string}"},"query-input":{"@type":"PropertyValueSpecification","valueRequired":true,"valueName":"search_term_string"}}],"inLanguage":"en-GB"},{"@type":["Person","Organization"],"@id":"https:\/\/hannah-bleckenwegner.at\/#\/schema\/person\/e43be1777b099983428d433948160669","name":"Hannah Bleckenwegner","image":{"@type":"ImageObject","inLanguage":"en-GB","@id":"https:\/\/hannah-bleckenwegner.at\/wp-content\/uploads\/2022\/08\/Logo.png","url":"https:\/\/hannah-bleckenwegner.at\/wp-content\/uploads\/2022\/08\/Logo.png","contentUrl":"https:\/\/hannah-bleckenwegner.at\/wp-content\/uploads\/2022\/08\/Logo.png","width":438,"height":436,"caption":"Hannah Bleckenwegner"},"logo":{"@id":"https:\/\/hannah-bleckenwegner.at\/wp-content\/uploads\/2022\/08\/Logo.png"},"sameAs":["http:\/\/hannah-bleckenwegner.at"]}]}},"_links":{"self":[{"href":"https:\/\/hannah-bleckenwegner.at\/en\/wp-json\/wp\/v2\/pages\/2776","targetHints":{"allow":["GET"]}}],"collection":[{"href":"https:\/\/hannah-bleckenwegner.at\/en\/wp-json\/wp\/v2\/pages"}],"about":[{"href":"https:\/\/hannah-bleckenwegner.at\/en\/wp-json\/wp\/v2\/types\/page"}],"author":[{"embeddable":true,"href":"https:\/\/hannah-bleckenwegner.at\/en\/wp-json\/wp\/v2\/users\/3"}],"replies":[{"embeddable":true,"href":"https:\/\/hannah-bleckenwegner.at\/en\/wp-json\/wp\/v2\/comments?post=2776"}],"version-history":[{"count":7,"href":"https:\/\/hannah-bleckenwegner.at\/en\/wp-json\/wp\/v2\/pages\/2776\/revisions"}],"predecessor-version":[{"id":2784,"href":"https:\/\/hannah-bleckenwegner.at\/en\/wp-json\/wp\/v2\/pages\/2776\/revisions\/2784"}],"wp:attachment":[{"href":"https:\/\/hannah-bleckenwegner.at\/en\/wp-json\/wp\/v2\/media?parent=2776"}],"curies":[{"name":"wp","href":"https:\/\/api.w.org\/{rel}","templated":true}]}}