{"id":285,"date":"2022-08-17T09:26:44","date_gmt":"2022-08-17T09:26:44","guid":{"rendered":"https:\/\/hannah-bleckenwegner.at\/?page_id=285"},"modified":"2024-11-30T13:51:02","modified_gmt":"2024-11-30T13:51:02","slug":"individualpsychologie","status":"publish","type":"page","link":"https:\/\/hannah-bleckenwegner.at\/en\/individualpsychologie\/","title":{"rendered":"Individual Psychology"},"content":{"rendered":"<div data-elementor-type=\"wp-page\" data-elementor-id=\"285\" class=\"elementor elementor-285\" data-elementor-settings=\"{&quot;ha_cmc_init_switcher&quot;:&quot;no&quot;}\">\n\t\t\t\t\t\t<section class=\"elementor-section elementor-top-section elementor-element elementor-element-58c25989 elementor-section-boxed elementor-section-height-default elementor-section-height-default\" data-id=\"58c25989\" data-element_type=\"section\" data-e-type=\"section\" data-settings=\"{&quot;background_background&quot;:&quot;classic&quot;,&quot;_ha_eqh_enable&quot;:false}\">\n\t\t\t\t\t\t\t<div class=\"elementor-background-overlay\"><\/div>\n\t\t\t\t\t\t\t<div class=\"elementor-container elementor-column-gap-default\">\n\t\t\t\t\t<div class=\"elementor-column elementor-col-100 elementor-top-column elementor-element elementor-element-4d81b989\" data-id=\"4d81b989\" data-element_type=\"column\" data-e-type=\"column\">\n\t\t\t<div class=\"elementor-widget-wrap elementor-element-populated\">\n\t\t\t\t\t\t<div class=\"elementor-element elementor-element-7dede41a elementor-widget elementor-widget-heading\" data-id=\"7dede41a\" data-element_type=\"widget\" data-e-type=\"widget\" data-widget_type=\"heading.default\">\n\t\t\t\t<div class=\"elementor-widget-container\">\n\t\t\t\t\t<h2 class=\"elementor-heading-title elementor-size-default\">Psychotherapy &amp; Individual Psychology<\/h2>\t\t\t\t<\/div>\n\t\t\t\t<\/div>\n\t\t\t\t<div class=\"elementor-element elementor-element-0d84c66 elementor-widget-divider--view-line elementor-widget elementor-widget-divider\" data-id=\"0d84c66\" data-element_type=\"widget\" data-e-type=\"widget\" data-widget_type=\"divider.default\">\n\t\t\t\t<div class=\"elementor-widget-container\">\n\t\t\t\t\t\t\t<div class=\"elementor-divider\">\n\t\t\t<span class=\"elementor-divider-separator\">\n\t\t\t\t\t\t<\/span>\n\t\t<\/div>\n\t\t\t\t\t\t<\/div>\n\t\t\t\t<\/div>\n\t\t\t\t<div class=\"elementor-element elementor-element-4911d84e elementor-widget elementor-widget-text-editor\" data-id=\"4911d84e\" data-element_type=\"widget\" data-e-type=\"widget\" data-widget_type=\"text-editor.default\">\n\t\t\t\t<div class=\"elementor-widget-container\">\n\t\t\t\t\t\t\t\t\t<p style=\"font-weight: 400;\">Psychotherapy is a new encounter and an intensive exploration of our \u2018self\u2019. The process of reflection during therapy promotes our maturing process and helps us to overcome life problems. This means that we get to know ourselves anew, find out who and what exactly we want to become or be, and learn to feel and hear ourselves in the process.<\/p><p style=\"font-weight: 400;\"><span style=\"font-family: var( --e-global-typography-text-font-family ), Sans-serif; font-size: var( --e-global-typography-text-font-size );\">Individual psychological thinking is based on the assumption that unconscious processes fundamentally determine a person's conscious experience and actions. The focus is particularly on the position of the individual within his\/her social environment and the ability to shape relationships. Individual psychology attempts to understand the unconscious meaning of states of illness and suffering in order to open up new possibilities for experience, decision-making and action for those seeking help.\u00a0<\/span><\/p><p style=\"font-weight: 400;\"><span style=\"font-family: var( --e-global-typography-text-font-family ), Sans-serif; font-size: var( --e-global-typography-text-font-size );\">This confidential work that we do in psychotherapy is comparable to a journey, <\/span><span lang=\"DE\">in which I would be happy to accompany and support you. Wherever <\/span><span style=\"font-family: var( --e-global-typography-text-font-family ), Sans-serif; font-size: var( --e-global-typography-text-font-size );\">it takes us - from the here and now into the past, into our unconscious, or into wishes and dreams - it helps us to recognise our unique lifestyle. This happens in dialogue and in a trusting relationship between client and therapist, who is there to help on this journey.<\/span><\/p><p style=\"font-weight: 400;\">Individual Psychology, one of the most traditional schools of analytical depth psychology, was founded by Alfred Adler in 1911. Since its origins, it has been used in professional fields in which an analytical understanding of interpersonal relationships is of crucial importance, such as psychotherapy, counselling, education and supervision.<\/p><p>You can find information on when psychotherapy is recommended and the areas in which I can offer you support in the section <span style=\"text-decoration: underline;\">\u201e<a href=\"https:\/\/hannah-bleckenwegner.at\/en\/leistungen\/\">Main areas of work<\/a>\u201c<\/span>.<\/p>\t\t\t\t\t\t\t\t<\/div>\n\t\t\t\t<\/div>\n\t\t\t\t\t<\/div>\n\t\t<\/div>\n\t\t\t\t\t<\/div>\n\t\t<\/section>\n\t\t\t\t<section class=\"elementor-section elementor-top-section elementor-element elementor-element-188d5c0 elementor-section-boxed elementor-section-height-default elementor-section-height-default\" data-id=\"188d5c0\" data-element_type=\"section\" data-e-type=\"section\" data-settings=\"{&quot;background_background&quot;:&quot;classic&quot;,&quot;_ha_eqh_enable&quot;:false}\">\n\t\t\t\t\t\t<div class=\"elementor-container elementor-column-gap-default\">\n\t\t\t\t\t<div class=\"elementor-column elementor-col-100 elementor-top-column elementor-element elementor-element-d80a1e0\" data-id=\"d80a1e0\" data-element_type=\"column\" data-e-type=\"column\">\n\t\t\t<div class=\"elementor-widget-wrap elementor-element-populated\">\n\t\t\t\t\t\t<div class=\"elementor-element elementor-element-31e46ad ha-has-bg-overlay elementor-widget elementor-widget-spacer\" data-id=\"31e46ad\" data-element_type=\"widget\" data-e-type=\"widget\" data-widget_type=\"spacer.default\">\n\t\t\t\t<div class=\"elementor-widget-container\">\n\t\t\t\t\t\t\t<div class=\"elementor-spacer\">\n\t\t\t<div class=\"elementor-spacer-inner\"><\/div>\n\t\t<\/div>\n\t\t\t\t\t\t<\/div>\n\t\t\t\t<\/div>\n\t\t\t\t\t<\/div>\n\t\t<\/div>\n\t\t\t\t\t<\/div>\n\t\t<\/section>\n\t\t<a class=\"eael-wrapper-link-8625247 --eael-wrapper-link-tag\" href=\"https:\/\/hannah-bleckenwegner.at\/en\/kontakt\/\"><\/a>\t\t<section data-eael-wrapper-link=\"eael-wrapper-link-8625247\" class=\"elementor-section elementor-top-section elementor-element elementor-element-8625247 elementor-section-boxed elementor-section-height-default elementor-section-height-default\" data-id=\"8625247\" data-element_type=\"section\" data-e-type=\"section\" data-settings=\"{&quot;background_background&quot;:&quot;classic&quot;,&quot;_ha_eqh_enable&quot;:false}\">\n\t\t\t\t\t\t<div class=\"elementor-container elementor-column-gap-default\">\n\t\t\t\t\t<div class=\"elementor-column elementor-col-100 elementor-top-column elementor-element elementor-element-3d67839\" data-id=\"3d67839\" data-element_type=\"column\" data-e-type=\"column\">\n\t\t\t<div class=\"elementor-widget-wrap elementor-element-populated\">\n\t\t\t\t\t\t<div class=\"elementor-element elementor-element-611ebee premium-wrapper-link-yes ha-has-bg-overlay elementor-widget elementor-widget-text-editor\" data-id=\"611ebee\" data-element_type=\"widget\" data-e-type=\"widget\" data-widget_type=\"text-editor.default\">\n\t\t\t\t<div class=\"elementor-widget-container\">\n\t\t\t\t\t\t\t\t\t<p><a href=\"https:\/\/hannah-bleckenwegner.at\/en\/kontakt\/\"><span style=\"text-decoration: underline;\">Feel free to make an appointment for an initial consultation in my practice near the main railway station...<\/span><\/a><\/p>\t\t\t\t\t\t\t\t<\/div>\n\t\t\t\t<\/div>\n\t\t\t\t\t<\/div>\n\t\t<\/div>\n\t\t\t\t\t<\/div>\n\t\t<\/section>\n\t\t\t\t<section class=\"elementor-section elementor-top-section elementor-element elementor-element-7eb5192 elementor-section-boxed elementor-section-height-default elementor-section-height-default\" data-id=\"7eb5192\" data-element_type=\"section\" data-e-type=\"section\" data-settings=\"{&quot;background_background&quot;:&quot;classic&quot;,&quot;_ha_eqh_enable&quot;:false}\">\n\t\t\t\t\t\t<div class=\"elementor-container elementor-column-gap-default\">\n\t\t\t\t\t<div class=\"elementor-column elementor-col-100 elementor-top-column elementor-element elementor-element-b72f771\" data-id=\"b72f771\" data-element_type=\"column\" data-e-type=\"column\">\n\t\t\t<div class=\"elementor-widget-wrap elementor-element-populated\">\n\t\t\t\t\t\t<div class=\"elementor-element elementor-element-bfde83f ha-has-bg-overlay elementor-widget elementor-widget-spacer\" data-id=\"bfde83f\" data-element_type=\"widget\" data-e-type=\"widget\" data-widget_type=\"spacer.default\">\n\t\t\t\t<div class=\"elementor-widget-container\">\n\t\t\t\t\t\t\t<div class=\"elementor-spacer\">\n\t\t\t<div class=\"elementor-spacer-inner\"><\/div>\n\t\t<\/div>\n\t\t\t\t\t\t<\/div>\n\t\t\t\t<\/div>\n\t\t\t\t\t<\/div>\n\t\t<\/div>\n\t\t\t\t\t<\/div>\n\t\t<\/section>\n\t\t\t\t<section class=\"elementor-section elementor-top-section elementor-element elementor-element-0762331 elementor-section-boxed elementor-section-height-default elementor-section-height-default\" data-id=\"0762331\" data-element_type=\"section\" data-e-type=\"section\" data-settings=\"{&quot;background_background&quot;:&quot;classic&quot;,&quot;_ha_eqh_enable&quot;:false}\">\n\t\t\t\t\t\t<div class=\"elementor-container elementor-column-gap-default\">\n\t\t\t\t\t<div class=\"elementor-column elementor-col-100 elementor-top-column elementor-element elementor-element-8c481be\" data-id=\"8c481be\" data-element_type=\"column\" data-e-type=\"column\">\n\t\t\t<div class=\"elementor-widget-wrap elementor-element-populated\">\n\t\t\t\t\t\t<section class=\"elementor-section elementor-inner-section elementor-element elementor-element-a78dde2 elementor-section-boxed elementor-section-height-default elementor-section-height-default\" data-id=\"a78dde2\" data-element_type=\"section\" data-e-type=\"section\" data-settings=\"{&quot;background_background&quot;:&quot;classic&quot;,&quot;_ha_eqh_enable&quot;:false}\">\n\t\t\t\t\t\t<div class=\"elementor-container elementor-column-gap-default\">\n\t\t\t\t\t<div class=\"elementor-column elementor-col-50 elementor-inner-column elementor-element elementor-element-04b2e96\" data-id=\"04b2e96\" data-element_type=\"column\" data-e-type=\"column\">\n\t\t\t<div class=\"elementor-widget-wrap elementor-element-populated\">\n\t\t\t\t\t\t<div class=\"elementor-element elementor-element-3031d0e elementor-widget elementor-widget-image\" data-id=\"3031d0e\" data-element_type=\"widget\" data-e-type=\"widget\" data-widget_type=\"image.default\">\n\t\t\t\t<div class=\"elementor-widget-container\">\n\t\t\t\t\t\t\t\t\t\t\t\t\t\t\t<img fetchpriority=\"high\" decoding=\"async\" width=\"768\" height=\"1024\" src=\"https:\/\/hannah-bleckenwegner.at\/wp-content\/uploads\/2024\/09\/IMG_0407-Kopie-768x1024.jpg\" class=\"attachment-large size-large wp-image-2746\" alt=\"\" srcset=\"https:\/\/hannah-bleckenwegner.at\/wp-content\/uploads\/2024\/09\/IMG_0407-Kopie-768x1024.jpg 768w, https:\/\/hannah-bleckenwegner.at\/wp-content\/uploads\/2024\/09\/IMG_0407-Kopie-225x300.jpg 225w, https:\/\/hannah-bleckenwegner.at\/wp-content\/uploads\/2024\/09\/IMG_0407-Kopie-1152x1536.jpg 1152w, https:\/\/hannah-bleckenwegner.at\/wp-content\/uploads\/2024\/09\/IMG_0407-Kopie-1536x2048.jpg 1536w, https:\/\/hannah-bleckenwegner.at\/wp-content\/uploads\/2024\/09\/IMG_0407-Kopie-600x800.jpg 600w, https:\/\/hannah-bleckenwegner.at\/wp-content\/uploads\/2024\/09\/IMG_0407-Kopie-scaled.jpg 1920w\" sizes=\"(max-width: 768px) 100vw, 768px\" \/>\t\t\t\t\t\t\t\t\t\t\t\t\t\t\t<\/div>\n\t\t\t\t<\/div>\n\t\t\t\t\t<\/div>\n\t\t<\/div>\n\t\t\t\t<div class=\"elementor-column elementor-col-50 elementor-inner-column elementor-element elementor-element-4cb752f\" data-id=\"4cb752f\" data-element_type=\"column\" data-e-type=\"column\">\n\t\t\t<div class=\"elementor-widget-wrap elementor-element-populated\">\n\t\t\t\t\t\t<div class=\"elementor-element elementor-element-a0d93aa elementor-widget elementor-widget-heading\" data-id=\"a0d93aa\" data-element_type=\"widget\" data-e-type=\"widget\" data-widget_type=\"heading.default\">\n\t\t\t\t<div class=\"elementor-widget-container\">\n\t\t\t\t\t<h2 class=\"elementor-heading-title elementor-size-default\">Individual Psychology<br><br><br><\/h2>\t\t\t\t<\/div>\n\t\t\t\t<\/div>\n\t\t\t\t<div class=\"elementor-element elementor-element-b0f8cc8 elementor-widget elementor-widget-text-editor\" data-id=\"b0f8cc8\" data-element_type=\"widget\" data-e-type=\"widget\" data-widget_type=\"text-editor.default\">\n\t\t\t\t<div class=\"elementor-widget-container\">\n\t\t\t\t\t\t\t\t\t<ul><li><p style=\"font-weight: 400;\">Shaping of relationships<\/p><\/li><li><p style=\"font-weight: 400;\">Assumption of unconscious processes<\/p><\/li><li><p style=\"font-weight: 400;\">Meaning of states of suffering<\/p><\/li><li><p style=\"font-weight: 400;\">Finding new scope for action<\/p><\/li><\/ul>\t\t\t\t\t\t\t\t<\/div>\n\t\t\t\t<\/div>\n\t\t\t\t\t<\/div>\n\t\t<\/div>\n\t\t\t\t\t<\/div>\n\t\t<\/section>\n\t\t\t\t\t<\/div>\n\t\t<\/div>\n\t\t\t\t\t<\/div>\n\t\t<\/section>\n\t\t\t\t<\/div>","protected":false},"excerpt":{"rendered":"<p>Psychotherapie &amp; Individualpsychologie Psychotherapie ist eine neue Begegnung und eine intensive Auseinandersetzung mit unserem \u201eIch\u201c. Der Reflexionsprozess innerhalb der Therapie f\u00f6rdert unseren Reifungsprozess und hilft bei der Bew\u00e4ltigung von Lebensproblemen. Das bedeutet, wir lernen uns selbst neu kennen, finden heraus, wer und was genau wir werden oder sein wollen, und lernen dabei, uns selbst zu [&hellip;]<\/p>\n","protected":false},"author":2,"featured_media":0,"parent":0,"menu_order":3,"comment_status":"closed","ping_status":"closed","template":"","meta":{"footnotes":""},"class_list":["post-285","page","type-page","status-publish","hentry"],"yoast_head":"<!-- This site is optimized with the Yoast SEO plugin v27.4 - https:\/\/yoast.com\/product\/yoast-seo-wordpress\/ -->\n<title>Individualpsychologie - Psychotherapie Hauptbahnhof<\/title>\n<meta name=\"description\" content=\"In der individualpsychologischen Psychotherapie schaffe ich in einer haltenden therapeutischen Beziehung einen sicheren Rahmen f\u00fcr Sie, um sich schwierigen Themen und Beziehungsmustern gemeinsam zu n\u00e4hern und neue Handlungsspielr\u00e4ume f\u00fcr sich zu erschaffen.\" \/>\n<meta name=\"robots\" content=\"index, follow, max-snippet:-1, max-image-preview:large, max-video-preview:-1\" \/>\n<link rel=\"canonical\" href=\"https:\/\/hannah-bleckenwegner.at\/en\/individualpsychologie\/\" \/>\n<meta property=\"og:locale\" content=\"en_GB\" \/>\n<meta property=\"og:type\" content=\"article\" \/>\n<meta property=\"og:title\" content=\"Individualpsychologie - Psychotherapie Hauptbahnhof\" \/>\n<meta property=\"og:description\" content=\"In der individualpsychologischen Psychotherapie schaffe ich in einer haltenden therapeutischen Beziehung einen sicheren Rahmen f\u00fcr Sie, um sich schwierigen Themen und Beziehungsmustern gemeinsam zu n\u00e4hern und neue Handlungsspielr\u00e4ume f\u00fcr sich zu erschaffen.\" \/>\n<meta property=\"og:url\" content=\"https:\/\/hannah-bleckenwegner.at\/en\/individualpsychologie\/\" \/>\n<meta property=\"og:site_name\" content=\"Psychotherapie Hauptbahnhof\" \/>\n<meta property=\"article:modified_time\" content=\"2024-11-30T13:51:02+00:00\" \/>\n<meta property=\"og:image\" content=\"https:\/\/hannah-bleckenwegner.at\/wp-content\/uploads\/2024\/09\/IMG_0407-Kopie-scaled.jpg\" \/>\n\t<meta property=\"og:image:width\" content=\"1920\" \/>\n\t<meta property=\"og:image:height\" content=\"2560\" \/>\n\t<meta property=\"og:image:type\" content=\"image\/jpeg\" \/>\n<meta name=\"twitter:card\" content=\"summary_large_image\" \/>\n<meta name=\"twitter:label1\" content=\"Estimated reading time\" \/>\n\t<meta name=\"twitter:data1\" content=\"2 minutes\" \/>\n<script type=\"application\/ld+json\" class=\"yoast-schema-graph\">{\"@context\":\"https:\\\/\\\/schema.org\",\"@graph\":[{\"@type\":\"WebPage\",\"@id\":\"https:\\\/\\\/hannah-bleckenwegner.at\\\/individualpsychologie\\\/\",\"url\":\"https:\\\/\\\/hannah-bleckenwegner.at\\\/individualpsychologie\\\/\",\"name\":\"Individualpsychologie - Psychotherapie Hauptbahnhof\",\"isPartOf\":{\"@id\":\"https:\\\/\\\/hannah-bleckenwegner.at\\\/#website\"},\"primaryImageOfPage\":{\"@id\":\"https:\\\/\\\/hannah-bleckenwegner.at\\\/individualpsychologie\\\/#primaryimage\"},\"image\":{\"@id\":\"https:\\\/\\\/hannah-bleckenwegner.at\\\/individualpsychologie\\\/#primaryimage\"},\"thumbnailUrl\":\"https:\\\/\\\/hannah-bleckenwegner.at\\\/wp-content\\\/uploads\\\/2024\\\/09\\\/IMG_0407-Kopie-768x1024.jpg\",\"datePublished\":\"2022-08-17T09:26:44+00:00\",\"dateModified\":\"2024-11-30T13:51:02+00:00\",\"description\":\"In der individualpsychologischen Psychotherapie schaffe ich in einer haltenden therapeutischen Beziehung einen sicheren Rahmen f\u00fcr Sie, um sich schwierigen Themen und Beziehungsmustern gemeinsam zu n\u00e4hern und neue Handlungsspielr\u00e4ume f\u00fcr sich zu erschaffen.\",\"breadcrumb\":{\"@id\":\"https:\\\/\\\/hannah-bleckenwegner.at\\\/individualpsychologie\\\/#breadcrumb\"},\"inLanguage\":\"en-GB\",\"potentialAction\":[{\"@type\":\"ReadAction\",\"target\":[\"https:\\\/\\\/hannah-bleckenwegner.at\\\/individualpsychologie\\\/\"]}]},{\"@type\":\"ImageObject\",\"inLanguage\":\"en-GB\",\"@id\":\"https:\\\/\\\/hannah-bleckenwegner.at\\\/individualpsychologie\\\/#primaryimage\",\"url\":\"https:\\\/\\\/hannah-bleckenwegner.at\\\/wp-content\\\/uploads\\\/2024\\\/09\\\/IMG_0407-Kopie-768x1024.jpg\",\"contentUrl\":\"https:\\\/\\\/hannah-bleckenwegner.at\\\/wp-content\\\/uploads\\\/2024\\\/09\\\/IMG_0407-Kopie-768x1024.jpg\"},{\"@type\":\"BreadcrumbList\",\"@id\":\"https:\\\/\\\/hannah-bleckenwegner.at\\\/individualpsychologie\\\/#breadcrumb\",\"itemListElement\":[{\"@type\":\"ListItem\",\"position\":1,\"name\":\"Startseite\",\"item\":\"https:\\\/\\\/hannah-bleckenwegner.at\\\/\"},{\"@type\":\"ListItem\",\"position\":2,\"name\":\"Individualpsychologie\"}]},{\"@type\":\"WebSite\",\"@id\":\"https:\\\/\\\/hannah-bleckenwegner.at\\\/#website\",\"url\":\"https:\\\/\\\/hannah-bleckenwegner.at\\\/\",\"name\":\"Psychotherapeutische Praxis\",\"description\":\"Psychotherapie 1100 Wien\",\"publisher\":{\"@id\":\"https:\\\/\\\/hannah-bleckenwegner.at\\\/#\\\/schema\\\/person\\\/e43be1777b099983428d433948160669\"},\"potentialAction\":[{\"@type\":\"SearchAction\",\"target\":{\"@type\":\"EntryPoint\",\"urlTemplate\":\"https:\\\/\\\/hannah-bleckenwegner.at\\\/?s={search_term_string}\"},\"query-input\":{\"@type\":\"PropertyValueSpecification\",\"valueRequired\":true,\"valueName\":\"search_term_string\"}}],\"inLanguage\":\"en-GB\"},{\"@type\":[\"Person\",\"Organization\"],\"@id\":\"https:\\\/\\\/hannah-bleckenwegner.at\\\/#\\\/schema\\\/person\\\/e43be1777b099983428d433948160669\",\"name\":\"Hannah Bleckenwegner\",\"image\":{\"@type\":\"ImageObject\",\"inLanguage\":\"en-GB\",\"@id\":\"https:\\\/\\\/hannah-bleckenwegner.at\\\/wp-content\\\/uploads\\\/2022\\\/08\\\/Logo.png\",\"url\":\"https:\\\/\\\/hannah-bleckenwegner.at\\\/wp-content\\\/uploads\\\/2022\\\/08\\\/Logo.png\",\"contentUrl\":\"https:\\\/\\\/hannah-bleckenwegner.at\\\/wp-content\\\/uploads\\\/2022\\\/08\\\/Logo.png\",\"width\":438,\"height\":436,\"caption\":\"Hannah Bleckenwegner\"},\"logo\":{\"@id\":\"https:\\\/\\\/hannah-bleckenwegner.at\\\/wp-content\\\/uploads\\\/2022\\\/08\\\/Logo.png\"},\"sameAs\":[\"http:\\\/\\\/hannah-bleckenwegner.at\"]}]}<\/script>\n<!-- \/ Yoast SEO plugin. -->","yoast_head_json":{"title":"Individualpsychologie - Psychotherapie Hauptbahnhof","description":"In individual psychological psychotherapy, I create a safe environment for you in a supportive therapeutic relationship in order to approach difficult issues and relationship patterns together and create new possibilities for experience.","robots":{"index":"index","follow":"follow","max-snippet":"max-snippet:-1","max-image-preview":"max-image-preview:large","max-video-preview":"max-video-preview:-1"},"canonical":"https:\/\/hannah-bleckenwegner.at\/en\/individualpsychologie\/","og_locale":"en_GB","og_type":"article","og_title":"Individualpsychologie - Psychotherapie Hauptbahnhof","og_description":"In der individualpsychologischen Psychotherapie schaffe ich in einer haltenden therapeutischen Beziehung einen sicheren Rahmen f\u00fcr Sie, um sich schwierigen Themen und Beziehungsmustern gemeinsam zu n\u00e4hern und neue Handlungsspielr\u00e4ume f\u00fcr sich zu erschaffen.","og_url":"https:\/\/hannah-bleckenwegner.at\/en\/individualpsychologie\/","og_site_name":"Psychotherapie Hauptbahnhof","article_modified_time":"2024-11-30T13:51:02+00:00","og_image":[{"width":1920,"height":2560,"url":"https:\/\/hannah-bleckenwegner.at\/wp-content\/uploads\/2024\/09\/IMG_0407-Kopie-scaled.jpg","type":"image\/jpeg"}],"twitter_card":"summary_large_image","twitter_misc":{"Estimated reading time":"2 minutes"},"schema":{"@context":"https:\/\/schema.org","@graph":[{"@type":"WebPage","@id":"https:\/\/hannah-bleckenwegner.at\/individualpsychologie\/","url":"https:\/\/hannah-bleckenwegner.at\/individualpsychologie\/","name":"Individualpsychologie - Psychotherapie Hauptbahnhof","isPartOf":{"@id":"https:\/\/hannah-bleckenwegner.at\/#website"},"primaryImageOfPage":{"@id":"https:\/\/hannah-bleckenwegner.at\/individualpsychologie\/#primaryimage"},"image":{"@id":"https:\/\/hannah-bleckenwegner.at\/individualpsychologie\/#primaryimage"},"thumbnailUrl":"https:\/\/hannah-bleckenwegner.at\/wp-content\/uploads\/2024\/09\/IMG_0407-Kopie-768x1024.jpg","datePublished":"2022-08-17T09:26:44+00:00","dateModified":"2024-11-30T13:51:02+00:00","description":"In individual psychological psychotherapy, I create a safe environment for you in a supportive therapeutic relationship in order to approach difficult issues and relationship patterns together and create new possibilities for experience.","breadcrumb":{"@id":"https:\/\/hannah-bleckenwegner.at\/individualpsychologie\/#breadcrumb"},"inLanguage":"en-GB","potentialAction":[{"@type":"ReadAction","target":["https:\/\/hannah-bleckenwegner.at\/individualpsychologie\/"]}]},{"@type":"ImageObject","inLanguage":"en-GB","@id":"https:\/\/hannah-bleckenwegner.at\/individualpsychologie\/#primaryimage","url":"https:\/\/hannah-bleckenwegner.at\/wp-content\/uploads\/2024\/09\/IMG_0407-Kopie-768x1024.jpg","contentUrl":"https:\/\/hannah-bleckenwegner.at\/wp-content\/uploads\/2024\/09\/IMG_0407-Kopie-768x1024.jpg"},{"@type":"BreadcrumbList","@id":"https:\/\/hannah-bleckenwegner.at\/individualpsychologie\/#breadcrumb","itemListElement":[{"@type":"ListItem","position":1,"name":"Startseite","item":"https:\/\/hannah-bleckenwegner.at\/"},{"@type":"ListItem","position":2,"name":"Individualpsychologie"}]},{"@type":"WebSite","@id":"https:\/\/hannah-bleckenwegner.at\/#website","url":"https:\/\/hannah-bleckenwegner.at\/","name":"Psychotherapy Practice","description":"Psychotherapie 1100 Wien","publisher":{"@id":"https:\/\/hannah-bleckenwegner.at\/#\/schema\/person\/e43be1777b099983428d433948160669"},"potentialAction":[{"@type":"SearchAction","target":{"@type":"EntryPoint","urlTemplate":"https:\/\/hannah-bleckenwegner.at\/?s={search_term_string}"},"query-input":{"@type":"PropertyValueSpecification","valueRequired":true,"valueName":"search_term_string"}}],"inLanguage":"en-GB"},{"@type":["Person","Organization"],"@id":"https:\/\/hannah-bleckenwegner.at\/#\/schema\/person\/e43be1777b099983428d433948160669","name":"Hannah Bleckenwegner","image":{"@type":"ImageObject","inLanguage":"en-GB","@id":"https:\/\/hannah-bleckenwegner.at\/wp-content\/uploads\/2022\/08\/Logo.png","url":"https:\/\/hannah-bleckenwegner.at\/wp-content\/uploads\/2022\/08\/Logo.png","contentUrl":"https:\/\/hannah-bleckenwegner.at\/wp-content\/uploads\/2022\/08\/Logo.png","width":438,"height":436,"caption":"Hannah Bleckenwegner"},"logo":{"@id":"https:\/\/hannah-bleckenwegner.at\/wp-content\/uploads\/2022\/08\/Logo.png"},"sameAs":["http:\/\/hannah-bleckenwegner.at"]}]}},"_links":{"self":[{"href":"https:\/\/hannah-bleckenwegner.at\/en\/wp-json\/wp\/v2\/pages\/285","targetHints":{"allow":["GET"]}}],"collection":[{"href":"https:\/\/hannah-bleckenwegner.at\/en\/wp-json\/wp\/v2\/pages"}],"about":[{"href":"https:\/\/hannah-bleckenwegner.at\/en\/wp-json\/wp\/v2\/types\/page"}],"author":[{"embeddable":true,"href":"https:\/\/hannah-bleckenwegner.at\/en\/wp-json\/wp\/v2\/users\/2"}],"replies":[{"embeddable":true,"href":"https:\/\/hannah-bleckenwegner.at\/en\/wp-json\/wp\/v2\/comments?post=285"}],"version-history":[{"count":165,"href":"https:\/\/hannah-bleckenwegner.at\/en\/wp-json\/wp\/v2\/pages\/285\/revisions"}],"predecessor-version":[{"id":3449,"href":"https:\/\/hannah-bleckenwegner.at\/en\/wp-json\/wp\/v2\/pages\/285\/revisions\/3449"}],"wp:attachment":[{"href":"https:\/\/hannah-bleckenwegner.at\/en\/wp-json\/wp\/v2\/media?parent=285"}],"curies":[{"name":"wp","href":"https:\/\/api.w.org\/{rel}","templated":true}]}}